{"id":9896,"date":"2025-05-14T16:32:35","date_gmt":"2025-05-14T13:32:35","guid":{"rendered":"https:\/\/www.forlife.com.tr\/?post_type=product&#038;p=9896"},"modified":"2025-05-14T16:52:41","modified_gmt":"2025-05-14T13:52:41","slug":"18w-solar-cim-armaturu","status":"publish","type":"product","link":"https:\/\/www.forlife.com.tr\/en\/product\/18w-solar-cim-armaturu","title":{"rendered":"18W Solar \u00c7im Armat\u00fcr\u00fc"},"content":{"rendered":"<p>2 Mod (\u00dcr\u00fcn \u00dczerindeki Tu\u015fla)<br \/>\nY\u00fcksek I\u015f\u0131k Modu -360 l\u00fcmen<br \/>\nPil Koruma Modu &#8211; 180 l\u00fcmen<br \/>\nFotosel \u00d6zelli\u011fi<br \/>\n&#8211; \u00c7al\u0131\u015fma S\u00fcresi 6-12 Saat<br \/>\n&#8211; \u00c7al\u0131\u015fma S\u00fcresi 3-8 Saat<\/p>","protected":false},"excerpt":{"rendered":"<p>2 Mod (\u00dcr\u00fcn \u00dczerindeki Tu\u015fla)<br \/>\nY\u00fcksek I\u015f\u0131k Modu -360 l\u00fcmen<br \/>\nPil Koruma Modu &#8211; 180 l\u00fcmen<br \/>\nFotosel \u00d6zelli\u011fi<br \/>\n&#8211; \u00c7al\u0131\u015fma S\u00fcresi 6-12 Saat<br \/>\n&#8211; \u00c7al\u0131\u015fma S\u00fcresi 3-8 Saat<\/p>","protected":false},"featured_media":9897,"template":"","meta":{"_joinchat":[]},"product_brand":[],"product_cat":[598,500],"product_tag":[],"class_list":{"0":"post-9896","1":"product","2":"type-product","3":"status-publish","4":"has-post-thumbnail","6":"product_cat-solar-cim-saplama","7":"product_cat-gunes-enerjili-solar","8":"pa_isik-sicakligi-ops","9":"pa_lumen-360-lumen","10":"pa_volt-6-volt-tr","11":"pa_watt-18-watt","13":"first","14":"instock","15":"shipping-taxable","16":"purchasable","17":"product-type-simple"},"_links":{"self":[{"href":"https:\/\/www.forlife.com.tr\/en\/wp-json\/wp\/v2\/product\/9896","targetHints":{"allow":["GET"]}}],"collection":[{"href":"https:\/\/www.forlife.com.tr\/en\/wp-json\/wp\/v2\/product"}],"about":[{"href":"https:\/\/www.forlife.com.tr\/en\/wp-json\/wp\/v2\/types\/product"}],"wp:featuredmedia":[{"embeddable":true,"href":"https:\/\/www.forlife.com.tr\/en\/wp-json\/wp\/v2\/media\/9897"}],"wp:attachment":[{"href":"https:\/\/www.forlife.com.tr\/en\/wp-json\/wp\/v2\/media?parent=9896"}],"wp:term":[{"taxonomy":"product_brand","embeddable":true,"href":"https:\/\/www.forlife.com.tr\/en\/wp-json\/wp\/v2\/product_brand?post=9896"},{"taxonomy":"product_cat","embeddable":true,"href":"https:\/\/www.forlife.com.tr\/en\/wp-json\/wp\/v2\/product_cat?post=9896"},{"taxonomy":"product_tag","embeddable":true,"href":"https:\/\/www.forlife.com.tr\/en\/wp-json\/wp\/v2\/product_tag?post=9896"}],"curies":[{"name":"wp","href":"https:\/\/api.w.org\/{rel}","templated":true}]}}