{"id":9824,"date":"2025-05-13T17:47:35","date_gmt":"2025-05-13T14:47:35","guid":{"rendered":"https:\/\/www.forlife.com.tr\/?post_type=product&#038;p=9824"},"modified":"2025-05-13T17:53:18","modified_gmt":"2025-05-13T14:53:18","slug":"6w-solar-duvar-apligi","status":"publish","type":"product","link":"https:\/\/www.forlife.com.tr\/en\/product\/6w-solar-duvar-apligi","title":{"rendered":"6W Solar Duvar Apli\u011fi"},"content":{"rendered":"<p>\u00c7evre dostu<br \/>\nKolay kurulum<br \/>\nFotosel \u00f6zelli\u011fi<br \/>\n&#8211; \u00c7al\u0131\u015fma S\u00fcresi 6-12 Saat<br \/>\n&#8211; \u00c7al\u0131\u015fma S\u00fcresi 3-8 Saat<\/p>","protected":false},"excerpt":{"rendered":"<p>\u00c7evre dostu<br \/>\nKolay kurulum<br \/>\nFotosel \u00f6zelli\u011fi<br \/>\n&#8211; \u00c7al\u0131\u015fma S\u00fcresi 6-12 Saat<br \/>\n&#8211; \u00c7al\u0131\u015fma S\u00fcresi 3-8 Saat<\/p>","protected":false},"featured_media":9825,"template":"","meta":{"_joinchat":[]},"product_brand":[],"product_cat":[583,500],"product_tag":[],"class_list":{"0":"post-9824","1":"product","2":"type-product","3":"status-publish","4":"has-post-thumbnail","6":"product_cat-solar-duvar-aplikleri-gunes-enerjili-solar","7":"product_cat-gunes-enerjili-solar","8":"pa_isik-sicakligi-3200k","9":"pa_isik-sicakligi-6500k-tr","10":"pa_lumen-100-lumen","11":"pa_volt-6-volt-tr","12":"pa_watt-6-watt","14":"first","15":"instock","16":"shipping-taxable","17":"purchasable","18":"product-type-simple"},"_links":{"self":[{"href":"https:\/\/www.forlife.com.tr\/en\/wp-json\/wp\/v2\/product\/9824","targetHints":{"allow":["GET"]}}],"collection":[{"href":"https:\/\/www.forlife.com.tr\/en\/wp-json\/wp\/v2\/product"}],"about":[{"href":"https:\/\/www.forlife.com.tr\/en\/wp-json\/wp\/v2\/types\/product"}],"wp:featuredmedia":[{"embeddable":true,"href":"https:\/\/www.forlife.com.tr\/en\/wp-json\/wp\/v2\/media\/9825"}],"wp:attachment":[{"href":"https:\/\/www.forlife.com.tr\/en\/wp-json\/wp\/v2\/media?parent=9824"}],"wp:term":[{"taxonomy":"product_brand","embeddable":true,"href":"https:\/\/www.forlife.com.tr\/en\/wp-json\/wp\/v2\/product_brand?post=9824"},{"taxonomy":"product_cat","embeddable":true,"href":"https:\/\/www.forlife.com.tr\/en\/wp-json\/wp\/v2\/product_cat?post=9824"},{"taxonomy":"product_tag","embeddable":true,"href":"https:\/\/www.forlife.com.tr\/en\/wp-json\/wp\/v2\/product_tag?post=9824"}],"curies":[{"name":"wp","href":"https:\/\/api.w.org\/{rel}","templated":true}]}}