{"id":9808,"date":"2025-05-13T17:20:01","date_gmt":"2025-05-13T14:20:01","guid":{"rendered":"https:\/\/www.forlife.com.tr\/?post_type=product&#038;p=9808"},"modified":"2025-05-13T17:33:25","modified_gmt":"2025-05-13T14:33:25","slug":"12w-solar-dekoratif-bahce-armaturu","status":"publish","type":"product","link":"https:\/\/www.forlife.com.tr\/en\/product\/12w-solar-dekoratif-bahce-armaturu","title":{"rendered":"12W Solar Dekoratif Bah\u00e7e Armat\u00fcr\u00fc"},"content":{"rendered":"<p>\u00c7evre dostu<br \/>\nKolay kurulum<br \/>\nFotosel \u00f6zelli\u011fi<br \/>\n&#8211; \u00c7al\u0131\u015fma S\u00fcresi 6-12 Saat<br \/>\n&#8211; \u00c7al\u0131\u015fma S\u00fcresi 3-8 Saat<br \/>\n&#8211; Aktif Mod:12W<br \/>\n&#8211; Bekleme Modu:5W<\/p>","protected":false},"excerpt":{"rendered":"<p>\u00c7evre dostu<br \/>\nKolay kurulum<br \/>\nFotosel \u00f6zelli\u011fi<br \/>\n&#8211; \u00c7al\u0131\u015fma S\u00fcresi 6-12 Saat<br \/>\n&#8211; \u00c7al\u0131\u015fma S\u00fcresi 3-8 Saat<br \/>\n&#8211; Aktif Mod:12W<br \/>\n&#8211; Bekleme Modu:5W<\/p>","protected":false},"featured_media":9809,"template":"","meta":{"_joinchat":[]},"product_brand":[],"product_cat":[583,500],"product_tag":[],"class_list":{"0":"post-9808","1":"product","2":"type-product","3":"status-publish","4":"has-post-thumbnail","6":"product_cat-solar-duvar-aplikleri-gunes-enerjili-solar","7":"product_cat-gunes-enerjili-solar","8":"pa_isik-sicakligi-3200k","9":"pa_lumen-240-lumen","10":"pa_volt-6-volt","11":"pa_watt-12-watt","13":"first","14":"instock","15":"shipping-taxable","16":"purchasable","17":"product-type-simple"},"_links":{"self":[{"href":"https:\/\/www.forlife.com.tr\/en\/wp-json\/wp\/v2\/product\/9808","targetHints":{"allow":["GET"]}}],"collection":[{"href":"https:\/\/www.forlife.com.tr\/en\/wp-json\/wp\/v2\/product"}],"about":[{"href":"https:\/\/www.forlife.com.tr\/en\/wp-json\/wp\/v2\/types\/product"}],"wp:featuredmedia":[{"embeddable":true,"href":"https:\/\/www.forlife.com.tr\/en\/wp-json\/wp\/v2\/media\/9809"}],"wp:attachment":[{"href":"https:\/\/www.forlife.com.tr\/en\/wp-json\/wp\/v2\/media?parent=9808"}],"wp:term":[{"taxonomy":"product_brand","embeddable":true,"href":"https:\/\/www.forlife.com.tr\/en\/wp-json\/wp\/v2\/product_brand?post=9808"},{"taxonomy":"product_cat","embeddable":true,"href":"https:\/\/www.forlife.com.tr\/en\/wp-json\/wp\/v2\/product_cat?post=9808"},{"taxonomy":"product_tag","embeddable":true,"href":"https:\/\/www.forlife.com.tr\/en\/wp-json\/wp\/v2\/product_tag?post=9808"}],"curies":[{"name":"wp","href":"https:\/\/api.w.org\/{rel}","templated":true}]}}