{"id":9790,"date":"2025-05-13T16:44:58","date_gmt":"2025-05-13T13:44:58","guid":{"rendered":"https:\/\/www.forlife.com.tr\/?post_type=product&#038;p=9790"},"modified":"2025-05-14T15:00:53","modified_gmt":"2025-05-14T12:00:53","slug":"50w-solar-bahce-armaturleri-11","status":"publish","type":"product","link":"https:\/\/www.forlife.com.tr\/en\/product\/50w-solar-bahce-armaturleri-11","title":{"rendered":"50W Solar Bah\u00e7e Armat\u00fcrleri"},"content":{"rendered":"<p>\u00c7evre dostu<br \/>\nKolay kurulum<br \/>\nFotosel \u00f6zelli\u011fi<br \/>\n&#8211; \u00c7al\u0131\u015fma S\u00fcresi 6-12 Saat<br \/>\n&#8211; \u00c7al\u0131\u015fma S\u00fcresi 4-10 Saat<br \/>\n*3200K &#8211; 6500K &#8211; RGB<br \/>\nRenk se\u00e7eneklerinden istedi\u011finizi kullanabilirsiniz<\/p>","protected":false},"excerpt":{"rendered":"<p>\u00c7evre dostu<br \/>\nKolay kurulum<br \/>\nFotosel \u00f6zelli\u011fi<br \/>\n&#8211; \u00c7al\u0131\u015fma S\u00fcresi 6-12 Saat<br \/>\n&#8211; \u00c7al\u0131\u015fma S\u00fcresi 4-10 Saat<br \/>\n*3200K &#8211; 6500K &#8211; RGB<br \/>\nRenk se\u00e7eneklerinden istedi\u011finizi kullanabilirsiniz<\/p>","protected":false},"featured_media":9791,"template":"","meta":{"_joinchat":[]},"product_brand":[],"product_cat":[583,590,500],"product_tag":[],"class_list":{"0":"post-9790","1":"product","2":"type-product","3":"status-publish","4":"has-post-thumbnail","6":"product_cat-solar-duvar-aplikleri-gunes-enerjili-solar","7":"product_cat-set-ustu-bolard-aplik-takim-urunler","8":"product_cat-gunes-enerjili-solar","9":"pa_isik-sicakligi-mix","10":"pa_lumen-1000-lumen","11":"pa_volt-6-volt-tr","12":"pa_watt-50-watt","14":"first","15":"instock","16":"shipping-taxable","17":"purchasable","18":"product-type-simple"},"_links":{"self":[{"href":"https:\/\/www.forlife.com.tr\/en\/wp-json\/wp\/v2\/product\/9790","targetHints":{"allow":["GET"]}}],"collection":[{"href":"https:\/\/www.forlife.com.tr\/en\/wp-json\/wp\/v2\/product"}],"about":[{"href":"https:\/\/www.forlife.com.tr\/en\/wp-json\/wp\/v2\/types\/product"}],"wp:featuredmedia":[{"embeddable":true,"href":"https:\/\/www.forlife.com.tr\/en\/wp-json\/wp\/v2\/media\/9791"}],"wp:attachment":[{"href":"https:\/\/www.forlife.com.tr\/en\/wp-json\/wp\/v2\/media?parent=9790"}],"wp:term":[{"taxonomy":"product_brand","embeddable":true,"href":"https:\/\/www.forlife.com.tr\/en\/wp-json\/wp\/v2\/product_brand?post=9790"},{"taxonomy":"product_cat","embeddable":true,"href":"https:\/\/www.forlife.com.tr\/en\/wp-json\/wp\/v2\/product_cat?post=9790"},{"taxonomy":"product_tag","embeddable":true,"href":"https:\/\/www.forlife.com.tr\/en\/wp-json\/wp\/v2\/product_tag?post=9790"}],"curies":[{"name":"wp","href":"https:\/\/api.w.org\/{rel}","templated":true}]}}