{"id":9741,"date":"2025-05-13T15:36:19","date_gmt":"2025-05-13T12:36:19","guid":{"rendered":"https:\/\/www.forlife.com.tr\/?post_type=product&#038;p=9741"},"modified":"2025-05-14T16:59:00","modified_gmt":"2025-05-14T13:59:00","slug":"10w-solar-bahce-armaturu","status":"publish","type":"product","link":"https:\/\/www.forlife.com.tr\/en\/product\/10w-solar-bahce-armaturu","title":{"rendered":"10W Solar Bah\u00e7e Armat\u00fcr\u00fc"},"content":{"rendered":"<p>\u00c7evre dostu<br \/>\nKolay kurulum<br \/>\nFotosel \u00f6zelli\u011fi<\/p>","protected":false},"excerpt":{"rendered":"<p>\u00c7evre dostu<br \/>\nKolay kurulum<br \/>\nFotosel \u00f6zelli\u011fi<\/p>","protected":false},"featured_media":9742,"template":"","meta":{"_joinchat":[]},"product_brand":[],"product_cat":[580,590,598,500],"product_tag":[],"class_list":{"0":"post-9741","1":"product","2":"type-product","3":"status-publish","4":"has-post-thumbnail","6":"product_cat-solar-set-ustu-armaturler-gunes-enerjili-solar","7":"product_cat-set-ustu-bolard-aplik-takim-urunler","8":"product_cat-solar-cim-saplama","9":"product_cat-gunes-enerjili-solar","10":"pa_isik-sicakligi-3200k","11":"pa_isik-sicakligi-6500k-tr","12":"pa_lumen-200-lumen","13":"pa_volt-6-volt-tr","14":"pa_watt-10-watt","16":"first","17":"instock","18":"shipping-taxable","19":"purchasable","20":"product-type-simple"},"_links":{"self":[{"href":"https:\/\/www.forlife.com.tr\/en\/wp-json\/wp\/v2\/product\/9741","targetHints":{"allow":["GET"]}}],"collection":[{"href":"https:\/\/www.forlife.com.tr\/en\/wp-json\/wp\/v2\/product"}],"about":[{"href":"https:\/\/www.forlife.com.tr\/en\/wp-json\/wp\/v2\/types\/product"}],"wp:featuredmedia":[{"embeddable":true,"href":"https:\/\/www.forlife.com.tr\/en\/wp-json\/wp\/v2\/media\/9742"}],"wp:attachment":[{"href":"https:\/\/www.forlife.com.tr\/en\/wp-json\/wp\/v2\/media?parent=9741"}],"wp:term":[{"taxonomy":"product_brand","embeddable":true,"href":"https:\/\/www.forlife.com.tr\/en\/wp-json\/wp\/v2\/product_brand?post=9741"},{"taxonomy":"product_cat","embeddable":true,"href":"https:\/\/www.forlife.com.tr\/en\/wp-json\/wp\/v2\/product_cat?post=9741"},{"taxonomy":"product_tag","embeddable":true,"href":"https:\/\/www.forlife.com.tr\/en\/wp-json\/wp\/v2\/product_tag?post=9741"}],"curies":[{"name":"wp","href":"https:\/\/api.w.org\/{rel}","templated":true}]}}