{"id":9729,"date":"2025-05-13T15:24:52","date_gmt":"2025-05-13T12:24:52","guid":{"rendered":"https:\/\/www.forlife.com.tr\/?post_type=product&#038;p=9729"},"modified":"2025-05-14T16:55:30","modified_gmt":"2025-05-14T13:55:30","slug":"15w-solar-bahce-armaturu","status":"publish","type":"product","link":"https:\/\/www.forlife.com.tr\/en\/product\/15w-solar-bahce-armaturu","title":{"rendered":"15W Solar Bah\u00e7e Armat\u00fcr\u00fc"},"content":{"rendered":"<p>\u00c7evre dostu<br \/>\nKolay kurulum<br \/>\nFotosel \u00f6zelli\u011fi<br \/>\n*Kutu i\u00e7erisinde g\u00f6nderilen montaj aparatlar\u0131yla 3 farkl\u0131 kullan\u0131m imkan\u0131.<br \/>\n*Montaj aparatlar\u0131 fiyata dahildir.<br \/>\nBe\u015f Farkl\u0131 Modda Kullan\u0131m<br \/>\n1-3200K<br \/>\n2-K\u0131rm\u0131z\u0131<br \/>\n3-Ye\u015fil<br \/>\n4-Mavi<br \/>\n5-Otomatik 3 renk de\u011fi\u015fimi<br \/>\n(K\u0131rm\u0131z\u0131-Ye\u015fil-Mavi)<br \/>\n\u00c7al\u0131\u015fma S\u00fcresi 6-12 Saat<br \/>\n\u00c7al\u0131\u015fma S\u00fcresi 3-8 Saat<\/p>","protected":false},"excerpt":{"rendered":"<p>\u00c7evre dostu<br \/>\nKolay kurulum<br \/>\nFotosel \u00f6zelli\u011fi<br \/>\n*Kutu i\u00e7erisinde g\u00f6nderilen montaj aparatlar\u0131yla 3 farkl\u0131 kullan\u0131m imkan\u0131.<br \/>\n*Montaj aparatlar\u0131 fiyata dahildir.<br \/>\nBe\u015f Farkl\u0131 Modda Kullan\u0131m<br \/>\n1-3200K<br \/>\n2-K\u0131rm\u0131z\u0131<br \/>\n3-Ye\u015fil<br \/>\n4-Mavi<br \/>\n5-Otomatik 3 renk de\u011fi\u015fimi<br \/>\n(K\u0131rm\u0131z\u0131-Ye\u015fil-Mavi)<br \/>\n\u00c7al\u0131\u015fma S\u00fcresi 6-12 Saat<br \/>\n\u00c7al\u0131\u015fma S\u00fcresi 3-8 Saat<\/p>","protected":false},"featured_media":9730,"template":"","meta":{"_joinchat":[]},"product_brand":[],"product_cat":[580,583,590,598,500],"product_tag":[],"class_list":{"0":"post-9729","1":"product","2":"type-product","3":"status-publish","4":"has-post-thumbnail","6":"product_cat-solar-set-ustu-armaturler-gunes-enerjili-solar","7":"product_cat-solar-duvar-aplikleri-gunes-enerjili-solar","8":"product_cat-set-ustu-bolard-aplik-takim-urunler","9":"product_cat-solar-cim-saplama","10":"product_cat-gunes-enerjili-solar","11":"pa_isik-sicakligi-mix","12":"pa_lumen-300-lumen","13":"pa_volt-3-7-volt","14":"pa_watt-15-watt","16":"first","17":"instock","18":"shipping-taxable","19":"purchasable","20":"product-type-simple"},"_links":{"self":[{"href":"https:\/\/www.forlife.com.tr\/en\/wp-json\/wp\/v2\/product\/9729","targetHints":{"allow":["GET"]}}],"collection":[{"href":"https:\/\/www.forlife.com.tr\/en\/wp-json\/wp\/v2\/product"}],"about":[{"href":"https:\/\/www.forlife.com.tr\/en\/wp-json\/wp\/v2\/types\/product"}],"wp:featuredmedia":[{"embeddable":true,"href":"https:\/\/www.forlife.com.tr\/en\/wp-json\/wp\/v2\/media\/9730"}],"wp:attachment":[{"href":"https:\/\/www.forlife.com.tr\/en\/wp-json\/wp\/v2\/media?parent=9729"}],"wp:term":[{"taxonomy":"product_brand","embeddable":true,"href":"https:\/\/www.forlife.com.tr\/en\/wp-json\/wp\/v2\/product_brand?post=9729"},{"taxonomy":"product_cat","embeddable":true,"href":"https:\/\/www.forlife.com.tr\/en\/wp-json\/wp\/v2\/product_cat?post=9729"},{"taxonomy":"product_tag","embeddable":true,"href":"https:\/\/www.forlife.com.tr\/en\/wp-json\/wp\/v2\/product_tag?post=9729"}],"curies":[{"name":"wp","href":"https:\/\/api.w.org\/{rel}","templated":true}]}}