{"id":9709,"date":"2025-05-12T17:48:06","date_gmt":"2025-05-12T14:48:06","guid":{"rendered":"https:\/\/www.forlife.com.tr\/?post_type=product&#038;p=9709"},"modified":"2025-05-14T14:51:11","modified_gmt":"2025-05-14T11:51:11","slug":"100w-solar-bahce-armaturleri-17","status":"publish","type":"product","link":"https:\/\/www.forlife.com.tr\/en\/product\/100w-solar-bahce-armaturleri-17","title":{"rendered":"100W Solar Bah\u00e7e Armat\u00fcrleri"},"content":{"rendered":"<p>\u00c7evre dostu<br \/>\nKolay kurulum<br \/>\nFotosel \u00f6zelli\u011fi<br \/>\nEkstra E27 Duylu.<br \/>\n220V \u00e7al\u0131\u015fmaya uygundur.<br \/>\n*3200K &#8211; 4000K &#8211; 6500K<br \/>\nRenk se\u00e7eneklerinden istedi\u011finizi kullanabilirsiniz.<br \/>\n\u00c7al\u0131\u015fma S\u00fcresi 8-18 Saat<br \/>\n\u00c7al\u0131\u015fma S\u00fcresi 5-12 Saat<\/p>","protected":false},"excerpt":{"rendered":"<p>\u00c7evre dostu<br \/>\nKolay kurulum<br \/>\nFotosel \u00f6zelli\u011fi<br \/>\nEkstra E27 Duylu.<br \/>\n220V \u00e7al\u0131\u015fmaya uygundur.<br \/>\n*3200K &#8211; 4000K &#8211; 6500K<br \/>\nRenk se\u00e7eneklerinden istedi\u011finizi kullanabilirsiniz.<br \/>\n\u00c7al\u0131\u015fma S\u00fcresi 8-18 Saat<br \/>\n\u00c7al\u0131\u015fma S\u00fcresi 5-12 Saat<\/p>","protected":false},"featured_media":9710,"template":"","meta":{"_joinchat":[]},"product_brand":[],"product_cat":[580,590,500],"product_tag":[],"class_list":{"0":"post-9709","1":"product","2":"type-product","3":"status-publish","4":"has-post-thumbnail","6":"product_cat-solar-set-ustu-armaturler-gunes-enerjili-solar","7":"product_cat-set-ustu-bolard-aplik-takim-urunler","8":"product_cat-gunes-enerjili-solar","9":"pa_isik-sicakligi-mix","10":"pa_lumen-2000-lumen","11":"pa_volt-220-volt","12":"pa_volt-6-volt","13":"pa_watt-100-watt","15":"first","16":"instock","17":"shipping-taxable","18":"purchasable","19":"product-type-simple"},"_links":{"self":[{"href":"https:\/\/www.forlife.com.tr\/en\/wp-json\/wp\/v2\/product\/9709","targetHints":{"allow":["GET"]}}],"collection":[{"href":"https:\/\/www.forlife.com.tr\/en\/wp-json\/wp\/v2\/product"}],"about":[{"href":"https:\/\/www.forlife.com.tr\/en\/wp-json\/wp\/v2\/types\/product"}],"wp:featuredmedia":[{"embeddable":true,"href":"https:\/\/www.forlife.com.tr\/en\/wp-json\/wp\/v2\/media\/9710"}],"wp:attachment":[{"href":"https:\/\/www.forlife.com.tr\/en\/wp-json\/wp\/v2\/media?parent=9709"}],"wp:term":[{"taxonomy":"product_brand","embeddable":true,"href":"https:\/\/www.forlife.com.tr\/en\/wp-json\/wp\/v2\/product_brand?post=9709"},{"taxonomy":"product_cat","embeddable":true,"href":"https:\/\/www.forlife.com.tr\/en\/wp-json\/wp\/v2\/product_cat?post=9709"},{"taxonomy":"product_tag","embeddable":true,"href":"https:\/\/www.forlife.com.tr\/en\/wp-json\/wp\/v2\/product_tag?post=9709"}],"curies":[{"name":"wp","href":"https:\/\/api.w.org\/{rel}","templated":true}]}}