{"id":9694,"date":"2025-05-12T17:01:28","date_gmt":"2025-05-12T14:01:28","guid":{"rendered":"https:\/\/www.forlife.com.tr\/?post_type=product&#038;p=9694"},"modified":"2025-05-14T16:59:10","modified_gmt":"2025-05-14T13:59:10","slug":"montaj-seti","status":"publish","type":"product","link":"https:\/\/www.forlife.com.tr\/en\/product\/montaj-seti","title":{"rendered":"Montaj Seti"},"content":{"rendered":"<p>\u00c7evre dostu<br \/>\nKolay kurulum<br \/>\nFotosel \u00f6zelli\u011f\u0130<br \/>\n*Kutu i\u00e7erisinde g\u00f6nderilen montaj aparatlar\u0131yla 3 farkl\u0131 kullan\u0131m imkan\u0131.<\/p>","protected":false},"excerpt":{"rendered":"<p>\u00c7evre dostu<br \/>\nKolay kurulum<br \/>\nFotosel \u00f6zelli\u011f\u0130<br \/>\n*Kutu i\u00e7erisinde g\u00f6nderilen montaj aparatlar\u0131yla 3 farkl\u0131 kullan\u0131m imkan\u0131.<\/p>","protected":false},"featured_media":9695,"template":"","meta":{"_joinchat":[]},"product_brand":[],"product_cat":[577,590,598,500],"product_tag":[],"class_list":{"0":"post-9694","1":"product","2":"type-product","3":"status-publish","4":"has-post-thumbnail","6":"product_cat-solar-bolardlar-gunes-enerjili-solar","7":"product_cat-set-ustu-bolard-aplik-takim-urunler","8":"product_cat-solar-cim-saplama","9":"product_cat-gunes-enerjili-solar","11":"first","12":"instock","13":"shipping-taxable","14":"purchasable","15":"product-type-simple"},"_links":{"self":[{"href":"https:\/\/www.forlife.com.tr\/en\/wp-json\/wp\/v2\/product\/9694","targetHints":{"allow":["GET"]}}],"collection":[{"href":"https:\/\/www.forlife.com.tr\/en\/wp-json\/wp\/v2\/product"}],"about":[{"href":"https:\/\/www.forlife.com.tr\/en\/wp-json\/wp\/v2\/types\/product"}],"wp:featuredmedia":[{"embeddable":true,"href":"https:\/\/www.forlife.com.tr\/en\/wp-json\/wp\/v2\/media\/9695"}],"wp:attachment":[{"href":"https:\/\/www.forlife.com.tr\/en\/wp-json\/wp\/v2\/media?parent=9694"}],"wp:term":[{"taxonomy":"product_brand","embeddable":true,"href":"https:\/\/www.forlife.com.tr\/en\/wp-json\/wp\/v2\/product_brand?post=9694"},{"taxonomy":"product_cat","embeddable":true,"href":"https:\/\/www.forlife.com.tr\/en\/wp-json\/wp\/v2\/product_cat?post=9694"},{"taxonomy":"product_tag","embeddable":true,"href":"https:\/\/www.forlife.com.tr\/en\/wp-json\/wp\/v2\/product_tag?post=9694"}],"curies":[{"name":"wp","href":"https:\/\/api.w.org\/{rel}","templated":true}]}}