{"id":9630,"date":"2025-05-11T18:24:22","date_gmt":"2025-05-11T15:24:22","guid":{"rendered":"https:\/\/www.forlife.com.tr\/?post_type=product&#038;p=9630"},"modified":"2025-05-11T18:25:23","modified_gmt":"2025-05-11T15:25:23","slug":"cift-kapili-sensor","status":"publish","type":"product","link":"https:\/\/www.forlife.com.tr\/en\/product\/cift-kapili-sensor","title":{"rendered":"\u00c7ift Kap\u0131l\u0131 Sens\u00f6r"},"content":{"rendered":"<p>Sens\u00f6r<\/p>","protected":false},"excerpt":{"rendered":"<p>Sens\u00f6r<\/p>","protected":false},"featured_media":9631,"template":"","meta":{"_joinchat":[]},"product_brand":[],"product_cat":[570,499],"product_tag":[],"class_list":{"0":"post-9630","1":"product","2":"type-product","3":"status-publish","4":"has-post-thumbnail","6":"product_cat-sensorler","7":"product_cat-yardimci-diger-urunler","8":"pa_volt-24-volt","9":"pa_volt-12-volt","10":"pa_watt-60-watt","11":"pa_watt-100-watt","13":"first","14":"instock","15":"shipping-taxable","16":"purchasable","17":"product-type-simple"},"_links":{"self":[{"href":"https:\/\/www.forlife.com.tr\/en\/wp-json\/wp\/v2\/product\/9630","targetHints":{"allow":["GET"]}}],"collection":[{"href":"https:\/\/www.forlife.com.tr\/en\/wp-json\/wp\/v2\/product"}],"about":[{"href":"https:\/\/www.forlife.com.tr\/en\/wp-json\/wp\/v2\/types\/product"}],"wp:featuredmedia":[{"embeddable":true,"href":"https:\/\/www.forlife.com.tr\/en\/wp-json\/wp\/v2\/media\/9631"}],"wp:attachment":[{"href":"https:\/\/www.forlife.com.tr\/en\/wp-json\/wp\/v2\/media?parent=9630"}],"wp:term":[{"taxonomy":"product_brand","embeddable":true,"href":"https:\/\/www.forlife.com.tr\/en\/wp-json\/wp\/v2\/product_brand?post=9630"},{"taxonomy":"product_cat","embeddable":true,"href":"https:\/\/www.forlife.com.tr\/en\/wp-json\/wp\/v2\/product_cat?post=9630"},{"taxonomy":"product_tag","embeddable":true,"href":"https:\/\/www.forlife.com.tr\/en\/wp-json\/wp\/v2\/product_tag?post=9630"}],"curies":[{"name":"wp","href":"https:\/\/api.w.org\/{rel}","templated":true}]}}