{"id":9578,"date":"2025-05-11T16:28:53","date_gmt":"2025-05-11T13:28:53","guid":{"rendered":"https:\/\/www.forlife.com.tr\/?post_type=product&#038;p=9578"},"modified":"2025-05-14T14:45:48","modified_gmt":"2025-05-14T11:45:48","slug":"100w-solar-bahce-armaturleri-3","status":"publish","type":"product","link":"https:\/\/www.forlife.com.tr\/en\/product\/100w-solar-bahce-armaturleri-3","title":{"rendered":"100W Solar Bah\u00e7e Armat\u00fcrleri"},"content":{"rendered":"<p>\u00c7evre dostu<br \/>\nKolay kurulum<br \/>\nFotosel \u00f6zelli\u011fi<br \/>\nAl\u00fcminyum G\u00f6vde<br \/>\n*3200K &#8211; 4000K &#8211; 6500K<br \/>\nRenk se\u00e7eneklerinden istedi\u011finizi kullanabilirsiniz<br \/>\n\u00c7al\u0131\u015fma S\u00fcresi 10-18 Saat<br \/>\n\u00c7al\u0131\u015fma S\u00fcresi 5-12 Saat<\/p>","protected":false},"excerpt":{"rendered":"<p>\u00c7evre dostu<br \/>\nKolay kurulum<br \/>\nFotosel \u00f6zelli\u011fi<br \/>\nAl\u00fcminyum G\u00f6vde<br \/>\n*3200K &#8211; 4000K &#8211; 6500K<br \/>\nRenk se\u00e7eneklerinden istedi\u011finizi kullanabilirsiniz<br \/>\n\u00c7al\u0131\u015fma S\u00fcresi 10-18 Saat<br \/>\n\u00c7al\u0131\u015fma S\u00fcresi 5-12 Saat<\/p>","protected":false},"featured_media":9580,"template":"","meta":{"_joinchat":[]},"product_brand":[],"product_cat":[560,559,583,590,500],"product_tag":[],"class_list":{"0":"post-9578","1":"product","2":"type-product","3":"status-publish","4":"has-post-thumbnail","6":"product_cat-kare-model","7":"product_cat-aluminyum-aplik-set-ustu-bolard-3mt-direk","8":"product_cat-solar-duvar-aplikleri-gunes-enerjili-solar","9":"product_cat-set-ustu-bolard-aplik-takim-urunler","10":"product_cat-gunes-enerjili-solar","11":"pa_isik-sicakligi-mix","12":"pa_lumen-2400-lumen","13":"pa_volt-6-volt-tr","14":"pa_watt-100-watt","16":"first","17":"instock","18":"shipping-taxable","19":"purchasable","20":"product-type-simple"},"_links":{"self":[{"href":"https:\/\/www.forlife.com.tr\/en\/wp-json\/wp\/v2\/product\/9578","targetHints":{"allow":["GET"]}}],"collection":[{"href":"https:\/\/www.forlife.com.tr\/en\/wp-json\/wp\/v2\/product"}],"about":[{"href":"https:\/\/www.forlife.com.tr\/en\/wp-json\/wp\/v2\/types\/product"}],"wp:featuredmedia":[{"embeddable":true,"href":"https:\/\/www.forlife.com.tr\/en\/wp-json\/wp\/v2\/media\/9580"}],"wp:attachment":[{"href":"https:\/\/www.forlife.com.tr\/en\/wp-json\/wp\/v2\/media?parent=9578"}],"wp:term":[{"taxonomy":"product_brand","embeddable":true,"href":"https:\/\/www.forlife.com.tr\/en\/wp-json\/wp\/v2\/product_brand?post=9578"},{"taxonomy":"product_cat","embeddable":true,"href":"https:\/\/www.forlife.com.tr\/en\/wp-json\/wp\/v2\/product_cat?post=9578"},{"taxonomy":"product_tag","embeddable":true,"href":"https:\/\/www.forlife.com.tr\/en\/wp-json\/wp\/v2\/product_tag?post=9578"}],"curies":[{"name":"wp","href":"https:\/\/api.w.org\/{rel}","templated":true}]}}