{"id":9547,"date":"2025-05-11T15:12:08","date_gmt":"2025-05-11T12:12:08","guid":{"rendered":"https:\/\/www.forlife.com.tr\/?post_type=product&#038;p=9547"},"modified":"2025-05-11T15:21:34","modified_gmt":"2025-05-11T12:21:34","slug":"200w-solar-sokak-armaturu-2","status":"publish","type":"product","link":"https:\/\/www.forlife.com.tr\/en\/product\/200w-solar-sokak-armaturu-2","title":{"rendered":"200W Solar Sokak Armat\u00fcr\u00fc"},"content":{"rendered":"<p>\u00c7evre dostu<br \/>\nKolay kurulum<br \/>\nFotosel \u00f6zelli\u011fi<br \/>\nDelik \u00c7ap\u0131 : 75 mm<br \/>\n*3200K &#8211; 4000K &#8211; 6500K<br \/>\nRenk se\u00e7eneklerinden istedi\u011finizi kullanabilirsiniz<br \/>\n\u00c7al\u0131\u015fma S\u00fcresi 10-18 Saat<br \/>\n\u00c7al\u0131\u015fma S\u00fcresi 5-12 Saat<\/p>","protected":false},"excerpt":{"rendered":"<p>\u00c7evre dostu<br \/>\nKolay kurulum<br \/>\nFotosel \u00f6zelli\u011fi<br \/>\nDelik \u00c7ap\u0131 : 75 mm<br \/>\n*3200K &#8211; 4000K &#8211; 6500K<br \/>\nRenk se\u00e7eneklerinden istedi\u011finizi kullanabilirsiniz<br \/>\n\u00c7al\u0131\u015fma S\u00fcresi 10-18 Saat<br \/>\n\u00c7al\u0131\u015fma S\u00fcresi 5-12 Saat<\/p>","protected":false},"featured_media":9548,"template":"","meta":{"_joinchat":[]},"product_brand":[],"product_cat":[537,540,500],"product_tag":[],"class_list":{"0":"post-9547","1":"product","2":"type-product","3":"status-publish","4":"has-post-thumbnail","6":"product_cat-solar-sokak-armaturleri-gunes-enerjili-solar","7":"product_cat-360-direk-tipi-armaturler","8":"product_cat-gunes-enerjili-solar","9":"pa_isik-sicakligi-mix","10":"pa_lumen-4800-lumen","11":"pa_volt-6-volt-tr","13":"first","14":"instock","15":"shipping-taxable","16":"purchasable","17":"product-type-simple"},"_links":{"self":[{"href":"https:\/\/www.forlife.com.tr\/en\/wp-json\/wp\/v2\/product\/9547","targetHints":{"allow":["GET"]}}],"collection":[{"href":"https:\/\/www.forlife.com.tr\/en\/wp-json\/wp\/v2\/product"}],"about":[{"href":"https:\/\/www.forlife.com.tr\/en\/wp-json\/wp\/v2\/types\/product"}],"wp:featuredmedia":[{"embeddable":true,"href":"https:\/\/www.forlife.com.tr\/en\/wp-json\/wp\/v2\/media\/9548"}],"wp:attachment":[{"href":"https:\/\/www.forlife.com.tr\/en\/wp-json\/wp\/v2\/media?parent=9547"}],"wp:term":[{"taxonomy":"product_brand","embeddable":true,"href":"https:\/\/www.forlife.com.tr\/en\/wp-json\/wp\/v2\/product_brand?post=9547"},{"taxonomy":"product_cat","embeddable":true,"href":"https:\/\/www.forlife.com.tr\/en\/wp-json\/wp\/v2\/product_cat?post=9547"},{"taxonomy":"product_tag","embeddable":true,"href":"https:\/\/www.forlife.com.tr\/en\/wp-json\/wp\/v2\/product_tag?post=9547"}],"curies":[{"name":"wp","href":"https:\/\/api.w.org\/{rel}","templated":true}]}}