{"id":9511,"date":"2025-05-10T17:41:14","date_gmt":"2025-05-10T14:41:14","guid":{"rendered":"https:\/\/www.forlife.com.tr\/?post_type=product&#038;p=9511"},"modified":"2025-05-25T01:22:30","modified_gmt":"2025-05-24T22:22:30","slug":"300w-solar-sokak-armaturu-3","status":"publish","type":"product","link":"https:\/\/www.forlife.com.tr\/en\/product\/300w-solar-sokak-armaturu-3","title":{"rendered":"300W Solar Sokak Armat\u00fcr\u00fc"},"content":{"rendered":"<p>\u00d6zellikler<br \/>\n\u00c7evre dostu<br \/>\nKolay kurulum<br \/>\nFotosel \u00f6zelli\u011fi<br \/>\n42 mm\/S4<br \/>\n\u00c7al\u0131\u015fma S\u00fcresi 6-12 Saat<br \/>\n\u00c7al\u0131\u015fma S\u00fcresi 4-10 Saat<br \/>\nAktif Mod:300W<br \/>\nBekleme Modu:100W<br \/>\nKumanda ile kontrol<br \/>\nA\u00e7ma \/ Kapama<br \/>\nDIM edebilme \u00f6zelli\u011fi<\/p>","protected":false},"excerpt":{"rendered":"<p>\u00d6zellikler<br \/>\n\u00c7evre dostu<br \/>\nKolay kurulum<br \/>\nFotosel \u00f6zelli\u011fi<br \/>\n42 mm\/S4<br \/>\n\u00c7al\u0131\u015fma S\u00fcresi 6-12 Saat<br \/>\n\u00c7al\u0131\u015fma S\u00fcresi 4-10 Saat<br \/>\nAktif Mod:300W<br \/>\nBekleme Modu:100W<br \/>\nKumanda ile kontrol<br \/>\nA\u00e7ma \/ Kapama<br \/>\nDIM edebilme \u00f6zelli\u011fi<\/p>","protected":false},"featured_media":9512,"template":"","meta":{"_joinchat":[]},"product_brand":[],"product_cat":[537,539,500],"product_tag":[],"class_list":{"0":"post-9511","1":"product","2":"type-product","3":"status-publish","4":"has-post-thumbnail","6":"product_cat-solar-sokak-armaturleri-gunes-enerjili-solar","7":"product_cat-sokak-armaturleri","8":"product_cat-gunes-enerjili-solar","9":"pa_isik-sicakligi-3200k","10":"pa_isik-sicakligi-6500k-tr","11":"pa_lumen-4800-lumen","12":"pa_volt-6-volt-tr","14":"first","15":"instock","16":"shipping-taxable","17":"purchasable","18":"product-type-simple"},"_links":{"self":[{"href":"https:\/\/www.forlife.com.tr\/en\/wp-json\/wp\/v2\/product\/9511","targetHints":{"allow":["GET"]}}],"collection":[{"href":"https:\/\/www.forlife.com.tr\/en\/wp-json\/wp\/v2\/product"}],"about":[{"href":"https:\/\/www.forlife.com.tr\/en\/wp-json\/wp\/v2\/types\/product"}],"wp:featuredmedia":[{"embeddable":true,"href":"https:\/\/www.forlife.com.tr\/en\/wp-json\/wp\/v2\/media\/9512"}],"wp:attachment":[{"href":"https:\/\/www.forlife.com.tr\/en\/wp-json\/wp\/v2\/media?parent=9511"}],"wp:term":[{"taxonomy":"product_brand","embeddable":true,"href":"https:\/\/www.forlife.com.tr\/en\/wp-json\/wp\/v2\/product_brand?post=9511"},{"taxonomy":"product_cat","embeddable":true,"href":"https:\/\/www.forlife.com.tr\/en\/wp-json\/wp\/v2\/product_cat?post=9511"},{"taxonomy":"product_tag","embeddable":true,"href":"https:\/\/www.forlife.com.tr\/en\/wp-json\/wp\/v2\/product_tag?post=9511"}],"curies":[{"name":"wp","href":"https:\/\/api.w.org\/{rel}","templated":true}]}}