{"id":9454,"date":"2025-05-06T17:32:46","date_gmt":"2025-05-06T14:32:46","guid":{"rendered":"https:\/\/www.forlife.com.tr\/?post_type=product&#038;p=9454"},"modified":"2025-05-06T17:35:10","modified_gmt":"2025-05-06T14:35:10","slug":"siva-alti-baglanti-kutusu","status":"publish","type":"product","link":"https:\/\/www.forlife.com.tr\/en\/product\/siva-alti-baglanti-kutusu","title":{"rendered":"S\u0131va alt\u0131 ba\u011flant\u0131 kutusu"},"content":{"rendered":"<p>*Enerji ba\u011flant\u0131 mod\u00fcl\u00fc i\u00e7erisindedir.<\/p>","protected":false},"excerpt":{"rendered":"<p>*Enerji ba\u011flant\u0131 mod\u00fcl\u00fc i\u00e7erisindedir.<\/p>","protected":false},"featured_media":9455,"template":"","meta":{"_joinchat":[]},"product_brand":[],"product_cat":[495,507],"product_tag":[],"class_list":{"0":"post-9454","1":"product","2":"type-product","3":"status-publish","4":"has-post-thumbnail","6":"product_cat-orgulu-kemer-aydinlatma-sistemleri","7":"product_cat-48v-orgulu-kemer-montaj-parcalari-ve-trafolar","9":"first","10":"instock","11":"shipping-taxable","12":"purchasable","13":"product-type-simple"},"_links":{"self":[{"href":"https:\/\/www.forlife.com.tr\/en\/wp-json\/wp\/v2\/product\/9454","targetHints":{"allow":["GET"]}}],"collection":[{"href":"https:\/\/www.forlife.com.tr\/en\/wp-json\/wp\/v2\/product"}],"about":[{"href":"https:\/\/www.forlife.com.tr\/en\/wp-json\/wp\/v2\/types\/product"}],"wp:featuredmedia":[{"embeddable":true,"href":"https:\/\/www.forlife.com.tr\/en\/wp-json\/wp\/v2\/media\/9455"}],"wp:attachment":[{"href":"https:\/\/www.forlife.com.tr\/en\/wp-json\/wp\/v2\/media?parent=9454"}],"wp:term":[{"taxonomy":"product_brand","embeddable":true,"href":"https:\/\/www.forlife.com.tr\/en\/wp-json\/wp\/v2\/product_brand?post=9454"},{"taxonomy":"product_cat","embeddable":true,"href":"https:\/\/www.forlife.com.tr\/en\/wp-json\/wp\/v2\/product_cat?post=9454"},{"taxonomy":"product_tag","embeddable":true,"href":"https:\/\/www.forlife.com.tr\/en\/wp-json\/wp\/v2\/product_tag?post=9454"}],"curies":[{"name":"wp","href":"https:\/\/api.w.org\/{rel}","templated":true}]}}