{"id":9452,"date":"2025-05-06T17:32:01","date_gmt":"2025-05-06T14:32:01","guid":{"rendered":"https:\/\/www.forlife.com.tr\/?post_type=product&#038;p=9452"},"modified":"2025-05-06T17:32:02","modified_gmt":"2025-05-06T14:32:02","slug":"siva-ustu-baglanti-kutusu","status":"publish","type":"product","link":"https:\/\/www.forlife.com.tr\/en\/product\/siva-ustu-baglanti-kutusu","title":{"rendered":"S\u0131va \u00fcst\u00fc ba\u011flant\u0131 kutusu"},"content":{"rendered":"<p>*Enerji ba\u011flant\u0131 mod\u00fcl\u00fc i\u00e7erisindedir.<\/p>","protected":false},"excerpt":{"rendered":"<p>*Enerji ba\u011flant\u0131 mod\u00fcl\u00fc i\u00e7erisindedir.<\/p>","protected":false},"featured_media":9453,"template":"","meta":{"_joinchat":[]},"product_brand":[],"product_cat":[495,507],"product_tag":[],"class_list":{"0":"post-9452","1":"product","2":"type-product","3":"status-publish","4":"has-post-thumbnail","6":"product_cat-orgulu-kemer-aydinlatma-sistemleri","7":"product_cat-48v-orgulu-kemer-montaj-parcalari-ve-trafolar","9":"first","10":"instock","11":"shipping-taxable","12":"purchasable","13":"product-type-simple"},"_links":{"self":[{"href":"https:\/\/www.forlife.com.tr\/en\/wp-json\/wp\/v2\/product\/9452","targetHints":{"allow":["GET"]}}],"collection":[{"href":"https:\/\/www.forlife.com.tr\/en\/wp-json\/wp\/v2\/product"}],"about":[{"href":"https:\/\/www.forlife.com.tr\/en\/wp-json\/wp\/v2\/types\/product"}],"wp:featuredmedia":[{"embeddable":true,"href":"https:\/\/www.forlife.com.tr\/en\/wp-json\/wp\/v2\/media\/9453"}],"wp:attachment":[{"href":"https:\/\/www.forlife.com.tr\/en\/wp-json\/wp\/v2\/media?parent=9452"}],"wp:term":[{"taxonomy":"product_brand","embeddable":true,"href":"https:\/\/www.forlife.com.tr\/en\/wp-json\/wp\/v2\/product_brand?post=9452"},{"taxonomy":"product_cat","embeddable":true,"href":"https:\/\/www.forlife.com.tr\/en\/wp-json\/wp\/v2\/product_cat?post=9452"},{"taxonomy":"product_tag","embeddable":true,"href":"https:\/\/www.forlife.com.tr\/en\/wp-json\/wp\/v2\/product_tag?post=9452"}],"curies":[{"name":"wp","href":"https:\/\/api.w.org\/{rel}","templated":true}]}}