{"id":9451,"date":"2025-05-06T17:22:45","date_gmt":"2025-05-06T14:22:45","guid":{"rendered":"https:\/\/www.forlife.com.tr\/?post_type=product&#038;p=9451"},"modified":"2025-05-06T17:24:10","modified_gmt":"2025-05-06T14:24:10","slug":"siyah-orgulu-kemer-20m","status":"publish","type":"product","link":"https:\/\/www.forlife.com.tr\/en\/product\/siyah-orgulu-kemer-20m","title":{"rendered":"Siyah \u00d6rg\u00fcl\u00fc Kemer 20m"},"content":{"rendered":"<p>*\u00d6rg\u00fcl\u00fc kemerlerin metre fiyat\u0131 19 $&#8217;d\u0131r<\/p>","protected":false},"excerpt":{"rendered":"<p>*\u00d6rg\u00fcl\u00fc kemerlerin metre fiyat\u0131 19 $&#8217;d\u0131r<\/p>","protected":false},"featured_media":9450,"template":"","meta":{"_joinchat":[]},"product_brand":[],"product_cat":[495,507],"product_tag":[],"class_list":{"0":"post-9451","1":"product","2":"type-product","3":"status-publish","4":"has-post-thumbnail","6":"product_cat-orgulu-kemer-aydinlatma-sistemleri","7":"product_cat-48v-orgulu-kemer-montaj-parcalari-ve-trafolar","9":"first","10":"instock","11":"shipping-taxable","12":"purchasable","13":"product-type-simple"},"_links":{"self":[{"href":"https:\/\/www.forlife.com.tr\/en\/wp-json\/wp\/v2\/product\/9451","targetHints":{"allow":["GET"]}}],"collection":[{"href":"https:\/\/www.forlife.com.tr\/en\/wp-json\/wp\/v2\/product"}],"about":[{"href":"https:\/\/www.forlife.com.tr\/en\/wp-json\/wp\/v2\/types\/product"}],"wp:featuredmedia":[{"embeddable":true,"href":"https:\/\/www.forlife.com.tr\/en\/wp-json\/wp\/v2\/media\/9450"}],"wp:attachment":[{"href":"https:\/\/www.forlife.com.tr\/en\/wp-json\/wp\/v2\/media?parent=9451"}],"wp:term":[{"taxonomy":"product_brand","embeddable":true,"href":"https:\/\/www.forlife.com.tr\/en\/wp-json\/wp\/v2\/product_brand?post=9451"},{"taxonomy":"product_cat","embeddable":true,"href":"https:\/\/www.forlife.com.tr\/en\/wp-json\/wp\/v2\/product_cat?post=9451"},{"taxonomy":"product_tag","embeddable":true,"href":"https:\/\/www.forlife.com.tr\/en\/wp-json\/wp\/v2\/product_tag?post=9451"}],"curies":[{"name":"wp","href":"https:\/\/api.w.org\/{rel}","templated":true}]}}