{"id":9427,"date":"2025-05-06T15:54:34","date_gmt":"2025-05-06T12:54:34","guid":{"rendered":"https:\/\/www.forlife.com.tr\/?post_type=product&#038;p=9427"},"modified":"2025-05-06T16:17:33","modified_gmt":"2025-05-06T13:17:33","slug":"12w-opak-difuzorlu-linear-armatur-dimli-2","status":"publish","type":"product","link":"https:\/\/www.forlife.com.tr\/en\/product\/12w-opak-difuzorlu-linear-armatur-dimli-2","title":{"rendered":"12W Opak Dif\u00fcz\u00f6rl\u00fc Linear Armat\u00fcr Dimli"},"content":{"rendered":"<p>Genel ayd\u0131nlatma i\u00e7in y\u00fcksek derecede homojen ve yatay d\u00fczlemde bir \u0131\u015f\u0131k katman\u0131 olu\u015fturur. Yumu\u015fak g\u00f6lgeler ve hafif parlakl\u0131klar olu\u015fturarak alan\u0131n ve bile\u015feninin i\u00e7inde bulundu\u011fu g\u00f6rsel \u00f6\u011felerin sertliklerini g\u00f6stermez.<\/p>\n<p><strong>\u00d6zellikler:<\/strong><br \/>\nOSRAM Led<br \/>\nAl\u00fcminyum + PC G\u00f6vde<br \/>\nY\u00fcksek CRI de\u011feri<br \/>\nKolay Montaj<br \/>\n48V G\u00fcvenli Enerji Sistemi<br \/>\nPratik Hareket Kabiliyeti<\/p>","protected":false},"excerpt":{"rendered":"<p>Genel ayd\u0131nlatma i\u00e7in y\u00fcksek derecede homojen ve yatay d\u00fczlemde bir \u0131\u015f\u0131k katman\u0131 olu\u015fturur. Yumu\u015fak g\u00f6lgeler ve hafif parlakl\u0131klar olu\u015fturarak alan\u0131n ve bile\u015feninin i\u00e7inde bulundu\u011fu g\u00f6rsel \u00f6\u011felerin sertliklerini g\u00f6stermez.<\/p>","protected":false},"featured_media":9426,"template":"","meta":{"_joinchat":[]},"product_brand":[],"product_cat":[495,505],"product_tag":[],"class_list":{"0":"post-9427","1":"product","2":"type-product","3":"status-publish","4":"has-post-thumbnail","6":"product_cat-orgulu-kemer-aydinlatma-sistemleri","7":"product_cat-kumandali-dimli-orgulu-kemer-armaturleri","8":"pa_isik-sicakligi-3200k","9":"pa_isik-sicakligi-4000k","10":"pa_lumen-960-lumen","11":"pa_volt-48-volt","12":"pa_watt-12-watt","14":"first","15":"instock","16":"shipping-taxable","17":"purchasable","18":"product-type-simple"},"_links":{"self":[{"href":"https:\/\/www.forlife.com.tr\/en\/wp-json\/wp\/v2\/product\/9427","targetHints":{"allow":["GET"]}}],"collection":[{"href":"https:\/\/www.forlife.com.tr\/en\/wp-json\/wp\/v2\/product"}],"about":[{"href":"https:\/\/www.forlife.com.tr\/en\/wp-json\/wp\/v2\/types\/product"}],"wp:featuredmedia":[{"embeddable":true,"href":"https:\/\/www.forlife.com.tr\/en\/wp-json\/wp\/v2\/media\/9426"}],"wp:attachment":[{"href":"https:\/\/www.forlife.com.tr\/en\/wp-json\/wp\/v2\/media?parent=9427"}],"wp:term":[{"taxonomy":"product_brand","embeddable":true,"href":"https:\/\/www.forlife.com.tr\/en\/wp-json\/wp\/v2\/product_brand?post=9427"},{"taxonomy":"product_cat","embeddable":true,"href":"https:\/\/www.forlife.com.tr\/en\/wp-json\/wp\/v2\/product_cat?post=9427"},{"taxonomy":"product_tag","embeddable":true,"href":"https:\/\/www.forlife.com.tr\/en\/wp-json\/wp\/v2\/product_tag?post=9427"}],"curies":[{"name":"wp","href":"https:\/\/api.w.org\/{rel}","templated":true}]}}