{"id":9390,"date":"2025-05-06T15:12:26","date_gmt":"2025-05-06T12:12:26","guid":{"rendered":"https:\/\/www.forlife.com.tr\/?post_type=product&#038;p=9390"},"modified":"2025-05-06T15:17:29","modified_gmt":"2025-05-06T12:17:29","slug":"12w-mercekli-linear-armatur","status":"publish","type":"product","link":"https:\/\/www.forlife.com.tr\/en\/product\/12w-mercekli-linear-armatur","title":{"rendered":"12W Mercekli Linear Armat\u00fcr"},"content":{"rendered":"<p>Y\u00fcksek verimli, genel do\u011frusal ayd\u0131nlatma orta parlakl\u0131k ve netlikte formlar sunar. Do\u011frudan ayd\u0131nlatma, geni\u015fletilmi\u015f ve g\u00fc\u00e7l\u00fc \u0131\u015f\u0131k, mekanlara y\u00fcksek enerjili ve huzurlu ortamlar sa\u011flar. UGR seviyesi 19 alt\u0131nda, d\u00fc\u015f\u00fck parlama seviyeleri ve g\u00f6z almayan \u00f6zelliktedir. <\/p>\n<p><strong>\u00d6zellikler:<\/strong><br \/>\nOSRAM Led<br \/>\nAl\u00fcminyum + PC G\u00f6vde<br \/>\nY\u00fcksek CRI de\u011feri<br \/>\nKolay Montaj<br \/>\n48V G\u00fcvenli Enerji Sistemi<br \/>\nPratik Hareket Kabiliyeti<\/p>","protected":false},"excerpt":{"rendered":"<p>Y\u00fcksek verimli, genel do\u011frusal ayd\u0131nlatma orta parlakl\u0131k ve netlikte formlar sunar. Do\u011frudan ayd\u0131nlatma, geni\u015fletilmi\u015f ve g\u00fc\u00e7l\u00fc \u0131\u015f\u0131k, mekanlara y\u00fcksek enerjili ve huzurlu ortamlar sa\u011flar. UGR seviyesi 19 alt\u0131nda, d\u00fc\u015f\u00fck parlama seviyeleri ve g\u00f6z almayan \u00f6zelliktedir. <\/p>","protected":false},"featured_media":9391,"template":"","meta":{"_joinchat":[]},"product_brand":[],"product_cat":[495,504],"product_tag":[],"class_list":{"0":"post-9390","1":"product","2":"type-product","3":"status-publish","4":"has-post-thumbnail","6":"product_cat-orgulu-kemer-aydinlatma-sistemleri","7":"product_cat-standart-orgulu-kemer-armaturleri","8":"pa_isik-sicakligi-3200k","9":"pa_isik-sicakligi-4000k","10":"pa_lumen-1080-lumen","11":"pa_volt-48-volt","12":"pa_watt-12-watt","14":"first","15":"instock","16":"shipping-taxable","17":"purchasable","18":"product-type-simple"},"_links":{"self":[{"href":"https:\/\/www.forlife.com.tr\/en\/wp-json\/wp\/v2\/product\/9390","targetHints":{"allow":["GET"]}}],"collection":[{"href":"https:\/\/www.forlife.com.tr\/en\/wp-json\/wp\/v2\/product"}],"about":[{"href":"https:\/\/www.forlife.com.tr\/en\/wp-json\/wp\/v2\/types\/product"}],"wp:featuredmedia":[{"embeddable":true,"href":"https:\/\/www.forlife.com.tr\/en\/wp-json\/wp\/v2\/media\/9391"}],"wp:attachment":[{"href":"https:\/\/www.forlife.com.tr\/en\/wp-json\/wp\/v2\/media?parent=9390"}],"wp:term":[{"taxonomy":"product_brand","embeddable":true,"href":"https:\/\/www.forlife.com.tr\/en\/wp-json\/wp\/v2\/product_brand?post=9390"},{"taxonomy":"product_cat","embeddable":true,"href":"https:\/\/www.forlife.com.tr\/en\/wp-json\/wp\/v2\/product_cat?post=9390"},{"taxonomy":"product_tag","embeddable":true,"href":"https:\/\/www.forlife.com.tr\/en\/wp-json\/wp\/v2\/product_tag?post=9390"}],"curies":[{"name":"wp","href":"https:\/\/api.w.org\/{rel}","templated":true}]}}