{"id":9371,"date":"2025-04-29T16:08:18","date_gmt":"2025-04-29T13:08:18","guid":{"rendered":"https:\/\/www.forlife.com.tr\/?post_type=product&#038;p=9371"},"modified":"2025-04-29T16:11:13","modified_gmt":"2025-04-29T13:11:13","slug":"12w-spot-armatur-dimli","status":"publish","type":"product","link":"https:\/\/www.forlife.com.tr\/en\/product\/12w-spot-armatur-dimli","title":{"rendered":"12W Spot Armat\u00fcr Dimli"},"content":{"rendered":"<p>Dar a\u00e7\u0131l\u0131 vurgu ayd\u0131nlatmas\u0131, yo\u011fun ve parlak \u0131\u015f\u0131k nesneleri veya mimari \u00f6\u011feleri vurgular, \u00f6n plana \u00e7\u0131kar\u0131r. I\u015f\u0131k \u00e7\u0131k\u0131\u015f\u0131 ki\u015fiye do\u011fru de\u011fil nesneye veya mimari \u00f6\u011feye do\u011fru y\u00f6nlendirilmelidir.<\/p>\n<p><strong>\u00d6zellikler:<\/strong><br \/>\nOSRAM Led<br \/>\nAl\u00fcminyum + PC G\u00f6vde<br \/>\nY\u00fcksek CRI de\u011feri<br \/>\nKolay Montaj<br \/>\n48V G\u00fcvenli Enerji Sistemi<br \/>\nPratik Hareket Kabiliyeti<\/p>","protected":false},"excerpt":{"rendered":"<p>Dar a\u00e7\u0131l\u0131 vurgu ayd\u0131nlatmas\u0131, yo\u011fun ve parlak \u0131\u015f\u0131k nesneleri veya mimari \u00f6\u011feleri vurgular, \u00f6n plana \u00e7\u0131kar\u0131r. I\u015f\u0131k \u00e7\u0131k\u0131\u015f\u0131 ki\u015fiye do\u011fru de\u011fil nesneye veya mimari \u00f6\u011feye do\u011fru y\u00f6nlendirilmelidir.<\/p>","protected":false},"featured_media":9370,"template":"","meta":{"_joinchat":[]},"product_brand":[],"product_cat":[495,505],"product_tag":[],"class_list":{"0":"post-9371","1":"product","2":"type-product","3":"status-publish","4":"has-post-thumbnail","6":"product_cat-orgulu-kemer-aydinlatma-sistemleri","7":"product_cat-kumandali-dimli-orgulu-kemer-armaturleri","8":"pa_isik-sicakligi-3200k","9":"pa_isik-sicakligi-4000k","10":"pa_lumen-1080-lumen","11":"pa_volt-48-volt","12":"pa_watt-12-watt","14":"first","15":"instock","16":"shipping-taxable","17":"purchasable","18":"product-type-simple"},"_links":{"self":[{"href":"https:\/\/www.forlife.com.tr\/en\/wp-json\/wp\/v2\/product\/9371","targetHints":{"allow":["GET"]}}],"collection":[{"href":"https:\/\/www.forlife.com.tr\/en\/wp-json\/wp\/v2\/product"}],"about":[{"href":"https:\/\/www.forlife.com.tr\/en\/wp-json\/wp\/v2\/types\/product"}],"wp:featuredmedia":[{"embeddable":true,"href":"https:\/\/www.forlife.com.tr\/en\/wp-json\/wp\/v2\/media\/9370"}],"wp:attachment":[{"href":"https:\/\/www.forlife.com.tr\/en\/wp-json\/wp\/v2\/media?parent=9371"}],"wp:term":[{"taxonomy":"product_brand","embeddable":true,"href":"https:\/\/www.forlife.com.tr\/en\/wp-json\/wp\/v2\/product_brand?post=9371"},{"taxonomy":"product_cat","embeddable":true,"href":"https:\/\/www.forlife.com.tr\/en\/wp-json\/wp\/v2\/product_cat?post=9371"},{"taxonomy":"product_tag","embeddable":true,"href":"https:\/\/www.forlife.com.tr\/en\/wp-json\/wp\/v2\/product_tag?post=9371"}],"curies":[{"name":"wp","href":"https:\/\/api.w.org\/{rel}","templated":true}]}}