{"id":9360,"date":"2025-04-29T14:59:22","date_gmt":"2025-04-29T11:59:22","guid":{"rendered":"https:\/\/www.forlife.com.tr\/?post_type=product&#038;p=9360"},"modified":"2025-04-29T15:00:33","modified_gmt":"2025-04-29T12:00:33","slug":"12w-yarim-kure-armatur-2","status":"publish","type":"product","link":"https:\/\/www.forlife.com.tr\/en\/product\/12w-yarim-kure-armatur-2","title":{"rendered":"12W Yar\u0131m K\u00fcre Armat\u00fcr"},"content":{"rendered":"<p>Y\u00f6nlendirilmi\u015f dif\u00fczyon ayd\u0131nlatmas\u0131 yumu\u015fak bir \u0131\u015f\u0131k yayar.Ayd\u0131nlat\u0131lm\u0131\u015f alanlar aras\u0131nda d\u00fc\u015f\u00fck kontrastlar, alanlar ve g\u00f6lgeler olu\u015fturur.I\u015f\u0131\u011f\u0131n g\u00f6lge boyunca y\u00f6nlendirilmesine yard\u0131mc\u0131 olur.Dif\u00fcz\u00f6r, hem huzurlu hem konsantre hem de g\u00fcvenli bir ayd\u0131nlatma sa\u011flar.<\/p>\n<p><strong>\u00d6zellikler:<\/strong><br \/>\nOSRAM Led<br \/>\nAl\u00fcminyum + PC G\u00f6vde<br \/>\nY\u00fcksek CRI de\u011feri<br \/>\nKolay Montaj<br \/>\n48V G\u00fcvenli Enerji Sistemi<br \/>\nPratik Hareket Kabiliyeti<\/p>","protected":false},"excerpt":{"rendered":"<p>Y\u00f6nlendirilmi\u015f dif\u00fczyon ayd\u0131nlatmas\u0131 yumu\u015fak bir \u0131\u015f\u0131k yayar.Ayd\u0131nlat\u0131lm\u0131\u015f alanlar aras\u0131nda d\u00fc\u015f\u00fck kontrastlar, alanlar ve g\u00f6lgeler olu\u015fturur.I\u015f\u0131\u011f\u0131n g\u00f6lge boyunca y\u00f6nlendirilmesine yard\u0131mc\u0131 olur.Dif\u00fcz\u00f6r, hem huzurlu hem konsantre hem de g\u00fcvenli bir ayd\u0131nlatma sa\u011flar.<\/p>","protected":false},"featured_media":9361,"template":"","meta":{"_joinchat":[]},"product_brand":[],"product_cat":[495,504],"product_tag":[],"class_list":{"0":"post-9360","1":"product","2":"type-product","3":"status-publish","4":"has-post-thumbnail","6":"product_cat-orgulu-kemer-aydinlatma-sistemleri","7":"product_cat-standart-orgulu-kemer-armaturleri","8":"pa_isik-sicakligi-3200k","9":"pa_isik-sicakligi-4000k","10":"pa_lumen-960-lumen","11":"pa_volt-48-volt","12":"pa_watt-12-watt","14":"first","15":"instock","16":"shipping-taxable","17":"purchasable","18":"product-type-simple"},"_links":{"self":[{"href":"https:\/\/www.forlife.com.tr\/en\/wp-json\/wp\/v2\/product\/9360","targetHints":{"allow":["GET"]}}],"collection":[{"href":"https:\/\/www.forlife.com.tr\/en\/wp-json\/wp\/v2\/product"}],"about":[{"href":"https:\/\/www.forlife.com.tr\/en\/wp-json\/wp\/v2\/types\/product"}],"wp:featuredmedia":[{"embeddable":true,"href":"https:\/\/www.forlife.com.tr\/en\/wp-json\/wp\/v2\/media\/9361"}],"wp:attachment":[{"href":"https:\/\/www.forlife.com.tr\/en\/wp-json\/wp\/v2\/media?parent=9360"}],"wp:term":[{"taxonomy":"product_brand","embeddable":true,"href":"https:\/\/www.forlife.com.tr\/en\/wp-json\/wp\/v2\/product_brand?post=9360"},{"taxonomy":"product_cat","embeddable":true,"href":"https:\/\/www.forlife.com.tr\/en\/wp-json\/wp\/v2\/product_cat?post=9360"},{"taxonomy":"product_tag","embeddable":true,"href":"https:\/\/www.forlife.com.tr\/en\/wp-json\/wp\/v2\/product_tag?post=9360"}],"curies":[{"name":"wp","href":"https:\/\/api.w.org\/{rel}","templated":true}]}}