{"id":9339,"date":"2025-04-28T18:42:23","date_gmt":"2025-04-28T15:42:23","guid":{"rendered":"https:\/\/www.forlife.com.tr\/?post_type=product&#038;p=9339"},"modified":"2025-04-28T18:43:37","modified_gmt":"2025-04-28T15:43:37","slug":"9w-kure-armatur-dali-dimli-2","status":"publish","type":"product","link":"https:\/\/www.forlife.com.tr\/en\/product\/9w-kure-armatur-dali-dimli-2","title":{"rendered":"9W K\u00fcre Armat\u00fcr Dali Dimli"},"content":{"rendered":"<p>360\u00b0 Dif\u00fczyon ayd\u0131nlatma \u0131\u015f\u0131\u011f\u0131 her yere 360\u00b0 e\u015fit olarak da\u011f\u0131t\u0131r. G\u00f6z almayan \u0131\u015f\u0131k noktas\u0131, rahat bir atmosfer ve sakin bir ortam yarat\u0131r. I\u015f\u0131k k\u00fcresi mekan\u0131n y\u00fczeylerini, daha huzurlu, daha zengin g\u00f6sterir ve son derece homojen bir ortam sa\u011flar.<\/p>\n<p><strong>\u00d6zellikler:<\/strong><br \/>\nOSRAM Led<br \/>\nAl\u00fcminyum + PC G\u00f6vde<br \/>\nY\u00fcksek CRI de\u011feri<br \/>\nKolay Montaj<br \/>\n48V G\u00fcvenli Enerji Sistemi<br \/>\nPratik Hareket Kabiliyeti<\/p>","protected":false},"excerpt":{"rendered":"<p>360\u00b0 Dif\u00fczyon ayd\u0131nlatma \u0131\u015f\u0131\u011f\u0131 her yere 360\u00b0 e\u015fit olarak da\u011f\u0131t\u0131r. G\u00f6z almayan \u0131\u015f\u0131k noktas\u0131, rahat bir atmosfer ve sakin bir ortam yarat\u0131r. I\u015f\u0131k k\u00fcresi mekan\u0131n y\u00fczeylerini, daha huzurlu, daha zengin g\u00f6sterir ve son derece homojen bir ortam sa\u011flar.<\/p>","protected":false},"featured_media":9325,"template":"","meta":{"_joinchat":[]},"product_brand":[],"product_cat":[495,506],"product_tag":[],"class_list":{"0":"post-9339","1":"product","2":"type-product","3":"status-publish","4":"has-post-thumbnail","6":"product_cat-orgulu-kemer-aydinlatma-sistemleri","7":"product_cat-dali-dimli-orgulu-kemer-armaturleri","8":"pa_isik-sicakligi-3200k","9":"pa_isik-sicakligi-4000k","10":"pa_lumen-720-lumen","11":"pa_volt-48-volt","12":"pa_watt-9-watt","14":"first","15":"instock","16":"shipping-taxable","17":"purchasable","18":"product-type-simple"},"_links":{"self":[{"href":"https:\/\/www.forlife.com.tr\/en\/wp-json\/wp\/v2\/product\/9339","targetHints":{"allow":["GET"]}}],"collection":[{"href":"https:\/\/www.forlife.com.tr\/en\/wp-json\/wp\/v2\/product"}],"about":[{"href":"https:\/\/www.forlife.com.tr\/en\/wp-json\/wp\/v2\/types\/product"}],"wp:featuredmedia":[{"embeddable":true,"href":"https:\/\/www.forlife.com.tr\/en\/wp-json\/wp\/v2\/media\/9325"}],"wp:attachment":[{"href":"https:\/\/www.forlife.com.tr\/en\/wp-json\/wp\/v2\/media?parent=9339"}],"wp:term":[{"taxonomy":"product_brand","embeddable":true,"href":"https:\/\/www.forlife.com.tr\/en\/wp-json\/wp\/v2\/product_brand?post=9339"},{"taxonomy":"product_cat","embeddable":true,"href":"https:\/\/www.forlife.com.tr\/en\/wp-json\/wp\/v2\/product_cat?post=9339"},{"taxonomy":"product_tag","embeddable":true,"href":"https:\/\/www.forlife.com.tr\/en\/wp-json\/wp\/v2\/product_tag?post=9339"}],"curies":[{"name":"wp","href":"https:\/\/api.w.org\/{rel}","templated":true}]}}