{"id":12104,"date":"2025-06-28T16:54:52","date_gmt":"2025-06-28T13:54:52","guid":{"rendered":"https:\/\/www.forlife.com.tr\/?post_type=product&#038;p=12104"},"modified":"2025-06-28T17:02:58","modified_gmt":"2025-06-28T14:02:58","slug":"masa-lambasi-2","status":"publish","type":"product","link":"https:\/\/www.forlife.com.tr\/en\/product\/masa-lambasi-2","title":{"rendered":"Masa Lambas\u0131"},"content":{"rendered":"<p>Dekoratif \u015earjl\u0131 Masa Lambalar\u0131<\/p>\n<p>\u00d6zel tasar\u0131m<\/p>","protected":false},"excerpt":{"rendered":"<p>Dekoratif \u015earjl\u0131 Masa Lambalar\u0131<\/p>\n<p>\u00d6zel tasar\u0131m<\/p>\n<p><script src=\"chrome-extension:\/\/bincmiainjofjnhchmcalkanjebghoen\/aiscripts\/script-main.js\"><\/script><\/p>","protected":false},"featured_media":12107,"template":"","meta":{"_joinchat":[]},"product_brand":[],"product_cat":[136,785],"product_tag":[],"class_list":{"0":"post-12104","1":"product","2":"type-product","3":"status-publish","4":"has-post-thumbnail","6":"product_cat-ic-mekan","7":"product_cat-masa-lambalari-ve-sarjli-urunler","8":"pa_isik-sicakligi-rgb","10":"first","11":"instock","12":"shipping-taxable","13":"purchasable","14":"product-type-simple"},"_links":{"self":[{"href":"https:\/\/www.forlife.com.tr\/en\/wp-json\/wp\/v2\/product\/12104","targetHints":{"allow":["GET"]}}],"collection":[{"href":"https:\/\/www.forlife.com.tr\/en\/wp-json\/wp\/v2\/product"}],"about":[{"href":"https:\/\/www.forlife.com.tr\/en\/wp-json\/wp\/v2\/types\/product"}],"wp:featuredmedia":[{"embeddable":true,"href":"https:\/\/www.forlife.com.tr\/en\/wp-json\/wp\/v2\/media\/12107"}],"wp:attachment":[{"href":"https:\/\/www.forlife.com.tr\/en\/wp-json\/wp\/v2\/media?parent=12104"}],"wp:term":[{"taxonomy":"product_brand","embeddable":true,"href":"https:\/\/www.forlife.com.tr\/en\/wp-json\/wp\/v2\/product_brand?post=12104"},{"taxonomy":"product_cat","embeddable":true,"href":"https:\/\/www.forlife.com.tr\/en\/wp-json\/wp\/v2\/product_cat?post=12104"},{"taxonomy":"product_tag","embeddable":true,"href":"https:\/\/www.forlife.com.tr\/en\/wp-json\/wp\/v2\/product_tag?post=12104"}],"curies":[{"name":"wp","href":"https:\/\/api.w.org\/{rel}","templated":true}]}}