{"id":12099,"date":"2025-06-28T16:45:40","date_gmt":"2025-06-28T13:45:40","guid":{"rendered":"https:\/\/www.forlife.com.tr\/?post_type=product&#038;p=12099"},"modified":"2025-06-28T16:52:42","modified_gmt":"2025-06-28T13:52:42","slug":"masa-lambasi","status":"publish","type":"product","link":"https:\/\/www.forlife.com.tr\/en\/product\/masa-lambasi","title":{"rendered":"Masa Lambas\u0131"},"content":{"rendered":"<p>Dekoratif \u015earjl\u0131 Masa Lambalar\u0131<\/p>\n<p>\u00d6zel tasar\u0131m<\/p>","protected":false},"excerpt":{"rendered":"<p>Dekoratif \u015earjl\u0131 Masa Lambalar\u0131<\/p>\n<p>\u00d6zel tasar\u0131m<\/p>\n<div id=\"ag-1751118347855\"><\/div>\n<p><script src=\"chrome-extension:\/\/bincmiainjofjnhchmcalkanjebghoen\/aiscripts\/script-main.js\"><\/script><\/p>","protected":false},"featured_media":12100,"template":"","meta":{"_joinchat":[]},"product_brand":[],"product_cat":[136,785],"product_tag":[],"class_list":{"0":"post-12099","1":"product","2":"type-product","3":"status-publish","4":"has-post-thumbnail","6":"product_cat-ic-mekan","7":"product_cat-masa-lambalari-ve-sarjli-urunler","8":"pa_isik-sicakligi-3200k","9":"pa_isik-sicakligi-4000k","10":"pa_isik-sicakligi-6500k-tr","12":"first","13":"instock","14":"shipping-taxable","15":"purchasable","16":"product-type-simple"},"_links":{"self":[{"href":"https:\/\/www.forlife.com.tr\/en\/wp-json\/wp\/v2\/product\/12099","targetHints":{"allow":["GET"]}}],"collection":[{"href":"https:\/\/www.forlife.com.tr\/en\/wp-json\/wp\/v2\/product"}],"about":[{"href":"https:\/\/www.forlife.com.tr\/en\/wp-json\/wp\/v2\/types\/product"}],"wp:featuredmedia":[{"embeddable":true,"href":"https:\/\/www.forlife.com.tr\/en\/wp-json\/wp\/v2\/media\/12100"}],"wp:attachment":[{"href":"https:\/\/www.forlife.com.tr\/en\/wp-json\/wp\/v2\/media?parent=12099"}],"wp:term":[{"taxonomy":"product_brand","embeddable":true,"href":"https:\/\/www.forlife.com.tr\/en\/wp-json\/wp\/v2\/product_brand?post=12099"},{"taxonomy":"product_cat","embeddable":true,"href":"https:\/\/www.forlife.com.tr\/en\/wp-json\/wp\/v2\/product_cat?post=12099"},{"taxonomy":"product_tag","embeddable":true,"href":"https:\/\/www.forlife.com.tr\/en\/wp-json\/wp\/v2\/product_tag?post=12099"}],"curies":[{"name":"wp","href":"https:\/\/api.w.org\/{rel}","templated":true}]}}