{"id":11978,"date":"2025-06-26T17:05:26","date_gmt":"2025-06-26T14:05:26","guid":{"rendered":"https:\/\/www.forlife.com.tr\/?post_type=product&#038;p=11978"},"modified":"2025-06-26T17:08:22","modified_gmt":"2025-06-26T14:08:22","slug":"siva-ustu-pc-bos-kasa","status":"publish","type":"product","link":"https:\/\/www.forlife.com.tr\/en\/product\/siva-ustu-pc-bos-kasa","title":{"rendered":"S\u0131va \u00dcst\u00fc PC Bo\u015f Kasa"},"content":{"rendered":"<p>PC Bo\u015f Kasalar<\/p>","protected":false},"excerpt":{"rendered":"<p>PC Bo\u015f Kasalar<\/p>\n<div id=\"ag-1750944974017\"><\/div>","protected":false},"featured_media":11979,"template":"","meta":{"_joinchat":[]},"product_brand":[],"product_cat":[136,778,770],"product_tag":[],"class_list":{"0":"post-11978","1":"product","2":"type-product","3":"status-publish","4":"has-post-thumbnail","6":"product_cat-ic-mekan","7":"product_cat-pc-bos-kasalar","8":"product_cat-bos-kasalar","10":"first","11":"instock","12":"shipping-taxable","13":"purchasable","14":"product-type-simple"},"_links":{"self":[{"href":"https:\/\/www.forlife.com.tr\/en\/wp-json\/wp\/v2\/product\/11978","targetHints":{"allow":["GET"]}}],"collection":[{"href":"https:\/\/www.forlife.com.tr\/en\/wp-json\/wp\/v2\/product"}],"about":[{"href":"https:\/\/www.forlife.com.tr\/en\/wp-json\/wp\/v2\/types\/product"}],"wp:featuredmedia":[{"embeddable":true,"href":"https:\/\/www.forlife.com.tr\/en\/wp-json\/wp\/v2\/media\/11979"}],"wp:attachment":[{"href":"https:\/\/www.forlife.com.tr\/en\/wp-json\/wp\/v2\/media?parent=11978"}],"wp:term":[{"taxonomy":"product_brand","embeddable":true,"href":"https:\/\/www.forlife.com.tr\/en\/wp-json\/wp\/v2\/product_brand?post=11978"},{"taxonomy":"product_cat","embeddable":true,"href":"https:\/\/www.forlife.com.tr\/en\/wp-json\/wp\/v2\/product_cat?post=11978"},{"taxonomy":"product_tag","embeddable":true,"href":"https:\/\/www.forlife.com.tr\/en\/wp-json\/wp\/v2\/product_tag?post=11978"}],"curies":[{"name":"wp","href":"https:\/\/api.w.org\/{rel}","templated":true}]}}