{"id":11973,"date":"2025-06-26T16:54:12","date_gmt":"2025-06-26T13:54:12","guid":{"rendered":"https:\/\/www.forlife.com.tr\/?post_type=product&#038;p=11973"},"modified":"2025-06-26T16:56:09","modified_gmt":"2025-06-26T13:56:09","slug":"siva-alti-isikli-metal-bos-kasa","status":"publish","type":"product","link":"https:\/\/www.forlife.com.tr\/en\/product\/siva-alti-isikli-metal-bos-kasa","title":{"rendered":"S\u0131va Alt\u0131 I\u015f\u0131kl\u0131 Metal Bo\u015f Kasa"},"content":{"rendered":"<p>Metal Kasa<br \/>\nElektrostatik Toz Boya<br \/>\nDahili Gu10 Duy<br \/>\nPratik Hareket Kabiliyeti<\/p>","protected":false},"excerpt":{"rendered":"<p>Metal Kasa<br \/>\nElektrostatik Toz Boya<br \/>\nDahili Gu10 Duy<br \/>\nPratik Hareket Kabiliyeti<\/p>\n<div id=\"ag-1750944974017\"><\/div>","protected":false},"featured_media":11974,"template":"","meta":{"_joinchat":[]},"product_brand":[],"product_cat":[136,777,770],"product_tag":[],"class_list":{"0":"post-11973","1":"product","2":"type-product","3":"status-publish","4":"has-post-thumbnail","6":"product_cat-ic-mekan","7":"product_cat-siva-alti-metal-ray-spot-tipi-bos-kasalar","8":"product_cat-bos-kasalar","10":"first","11":"instock","12":"shipping-taxable","13":"purchasable","14":"product-type-simple"},"_links":{"self":[{"href":"https:\/\/www.forlife.com.tr\/en\/wp-json\/wp\/v2\/product\/11973","targetHints":{"allow":["GET"]}}],"collection":[{"href":"https:\/\/www.forlife.com.tr\/en\/wp-json\/wp\/v2\/product"}],"about":[{"href":"https:\/\/www.forlife.com.tr\/en\/wp-json\/wp\/v2\/types\/product"}],"wp:featuredmedia":[{"embeddable":true,"href":"https:\/\/www.forlife.com.tr\/en\/wp-json\/wp\/v2\/media\/11974"}],"wp:attachment":[{"href":"https:\/\/www.forlife.com.tr\/en\/wp-json\/wp\/v2\/media?parent=11973"}],"wp:term":[{"taxonomy":"product_brand","embeddable":true,"href":"https:\/\/www.forlife.com.tr\/en\/wp-json\/wp\/v2\/product_brand?post=11973"},{"taxonomy":"product_cat","embeddable":true,"href":"https:\/\/www.forlife.com.tr\/en\/wp-json\/wp\/v2\/product_cat?post=11973"},{"taxonomy":"product_tag","embeddable":true,"href":"https:\/\/www.forlife.com.tr\/en\/wp-json\/wp\/v2\/product_tag?post=11973"}],"curies":[{"name":"wp","href":"https:\/\/api.w.org\/{rel}","templated":true}]}}