{"id":11927,"date":"2025-06-26T15:48:45","date_gmt":"2025-06-26T12:48:45","guid":{"rendered":"https:\/\/www.forlife.com.tr\/?post_type=product&#038;p=11927"},"modified":"2025-06-26T15:52:14","modified_gmt":"2025-06-26T12:52:14","slug":"rozansli-aluminyum-bos-kasa","status":"publish","type":"product","link":"https:\/\/www.forlife.com.tr\/en\/product\/rozansli-aluminyum-bos-kasa","title":{"rendered":"Rozansl\u0131 Al\u00fcminyum Bo\u015f Kasa"},"content":{"rendered":"<p>Al\u00fcminyum Kasa<br \/>\n\u00d6zel Kaplama Y\u00fczey<br \/>\nDahili Gu10 Duy<br \/>\nPratik Hareket Kabiliyeti<\/p>","protected":false},"excerpt":{"rendered":"<p>Al\u00fcminyum Kasa<br \/>\n\u00d6zel Kaplama Y\u00fczey<br \/>\nDahili Gu10 Duy<br \/>\nPratik Hareket Kabiliyeti<\/p>\n<p>&nbsp;<\/p>\n<div id=\"ag-1750942130049\"><\/div>","protected":false},"featured_media":11928,"template":"","meta":{"_joinchat":[]},"product_brand":[],"product_cat":[136,776,770],"product_tag":[],"class_list":{"0":"post-11927","1":"product","2":"type-product","3":"status-publish","4":"has-post-thumbnail","6":"product_cat-ic-mekan","7":"product_cat-rozansli-metal-bos-kasalar","8":"product_cat-bos-kasalar","10":"first","11":"instock","12":"shipping-taxable","13":"purchasable","14":"product-type-simple"},"_links":{"self":[{"href":"https:\/\/www.forlife.com.tr\/en\/wp-json\/wp\/v2\/product\/11927","targetHints":{"allow":["GET"]}}],"collection":[{"href":"https:\/\/www.forlife.com.tr\/en\/wp-json\/wp\/v2\/product"}],"about":[{"href":"https:\/\/www.forlife.com.tr\/en\/wp-json\/wp\/v2\/types\/product"}],"wp:featuredmedia":[{"embeddable":true,"href":"https:\/\/www.forlife.com.tr\/en\/wp-json\/wp\/v2\/media\/11928"}],"wp:attachment":[{"href":"https:\/\/www.forlife.com.tr\/en\/wp-json\/wp\/v2\/media?parent=11927"}],"wp:term":[{"taxonomy":"product_brand","embeddable":true,"href":"https:\/\/www.forlife.com.tr\/en\/wp-json\/wp\/v2\/product_brand?post=11927"},{"taxonomy":"product_cat","embeddable":true,"href":"https:\/\/www.forlife.com.tr\/en\/wp-json\/wp\/v2\/product_cat?post=11927"},{"taxonomy":"product_tag","embeddable":true,"href":"https:\/\/www.forlife.com.tr\/en\/wp-json\/wp\/v2\/product_tag?post=11927"}],"curies":[{"name":"wp","href":"https:\/\/api.w.org\/{rel}","templated":true}]}}