{"id":11916,"date":"2025-06-26T14:59:10","date_gmt":"2025-06-26T11:59:10","guid":{"rendered":"https:\/\/www.forlife.com.tr\/?post_type=product&#038;p=11916"},"modified":"2025-06-26T15:00:59","modified_gmt":"2025-06-26T12:00:59","slug":"ray-soketli-isikli-metal-bos-kasa-2","status":"publish","type":"product","link":"https:\/\/www.forlife.com.tr\/en\/product\/ray-soketli-isikli-metal-bos-kasa-2","title":{"rendered":"Ray Soketli I\u015f\u0131kl\u0131 Metal Bo\u015f Kasa"},"content":{"rendered":"<p>Metal Kasa<br \/>\nElektrostatik Toz Boya<br \/>\nDahili Gu10 Duy<br \/>\nPratik Hareket Kabiliyeti<\/p>","protected":false},"excerpt":{"rendered":"<p>Metal Kasa<br \/>\nElektrostatik Toz Boya<br \/>\nDahili Gu10 Duy<br \/>\nPratik Hareket Kabiliyeti<\/p>","protected":false},"featured_media":11917,"template":"","meta":{"_joinchat":[]},"product_brand":[],"product_cat":[136,775,770],"product_tag":[],"class_list":{"0":"post-11916","1":"product","2":"type-product","3":"status-publish","4":"has-post-thumbnail","6":"product_cat-ic-mekan","7":"product_cat-ray-soketli-bos-kasalar","8":"product_cat-bos-kasalar","10":"first","11":"instock","12":"shipping-taxable","13":"purchasable","14":"product-type-simple"},"_links":{"self":[{"href":"https:\/\/www.forlife.com.tr\/en\/wp-json\/wp\/v2\/product\/11916","targetHints":{"allow":["GET"]}}],"collection":[{"href":"https:\/\/www.forlife.com.tr\/en\/wp-json\/wp\/v2\/product"}],"about":[{"href":"https:\/\/www.forlife.com.tr\/en\/wp-json\/wp\/v2\/types\/product"}],"wp:featuredmedia":[{"embeddable":true,"href":"https:\/\/www.forlife.com.tr\/en\/wp-json\/wp\/v2\/media\/11917"}],"wp:attachment":[{"href":"https:\/\/www.forlife.com.tr\/en\/wp-json\/wp\/v2\/media?parent=11916"}],"wp:term":[{"taxonomy":"product_brand","embeddable":true,"href":"https:\/\/www.forlife.com.tr\/en\/wp-json\/wp\/v2\/product_brand?post=11916"},{"taxonomy":"product_cat","embeddable":true,"href":"https:\/\/www.forlife.com.tr\/en\/wp-json\/wp\/v2\/product_cat?post=11916"},{"taxonomy":"product_tag","embeddable":true,"href":"https:\/\/www.forlife.com.tr\/en\/wp-json\/wp\/v2\/product_tag?post=11916"}],"curies":[{"name":"wp","href":"https:\/\/api.w.org\/{rel}","templated":true}]}}