{"id":11905,"date":"2025-06-26T14:46:10","date_gmt":"2025-06-26T11:46:10","guid":{"rendered":"https:\/\/www.forlife.com.tr\/?post_type=product&#038;p=11905"},"modified":"2025-06-26T14:47:18","modified_gmt":"2025-06-26T11:47:18","slug":"ray-soketli-aluminyum-bos-kasa-4","status":"publish","type":"product","link":"https:\/\/www.forlife.com.tr\/en\/product\/ray-soketli-aluminyum-bos-kasa-4","title":{"rendered":"Ray Soketli Al\u00fcminyum Bo\u015f Kasa"},"content":{"rendered":"<p>Al\u00fcminyum Kasa<br \/>\n\u00d6zel Kaplama Y\u00fczey<br \/>\nDahili Gu10 Duy<br \/>\nPratik Hareket Kabiliyeti<\/p>","protected":false},"excerpt":{"rendered":"<p>Al\u00fcminyum Kasa<br \/>\n\u00d6zel Kaplama Y\u00fczey<br \/>\nDahili Gu10 Duy<br \/>\nPratik Hareket Kabiliyeti<\/p>\n<div id=\"ag-1750937365270\"><\/div>\n<p><script src=\"chrome-extension:\/\/bincmiainjofjnhchmcalkanjebghoen\/aiscripts\/script-main.js\"><\/script><\/p>","protected":false},"featured_media":11906,"template":"","meta":{"_joinchat":[]},"product_brand":[],"product_cat":[136,775,770],"product_tag":[],"class_list":{"0":"post-11905","1":"product","2":"type-product","3":"status-publish","4":"has-post-thumbnail","6":"product_cat-ic-mekan","7":"product_cat-ray-soketli-bos-kasalar","8":"product_cat-bos-kasalar","10":"first","11":"instock","12":"shipping-taxable","13":"purchasable","14":"product-type-simple"},"_links":{"self":[{"href":"https:\/\/www.forlife.com.tr\/en\/wp-json\/wp\/v2\/product\/11905","targetHints":{"allow":["GET"]}}],"collection":[{"href":"https:\/\/www.forlife.com.tr\/en\/wp-json\/wp\/v2\/product"}],"about":[{"href":"https:\/\/www.forlife.com.tr\/en\/wp-json\/wp\/v2\/types\/product"}],"wp:featuredmedia":[{"embeddable":true,"href":"https:\/\/www.forlife.com.tr\/en\/wp-json\/wp\/v2\/media\/11906"}],"wp:attachment":[{"href":"https:\/\/www.forlife.com.tr\/en\/wp-json\/wp\/v2\/media?parent=11905"}],"wp:term":[{"taxonomy":"product_brand","embeddable":true,"href":"https:\/\/www.forlife.com.tr\/en\/wp-json\/wp\/v2\/product_brand?post=11905"},{"taxonomy":"product_cat","embeddable":true,"href":"https:\/\/www.forlife.com.tr\/en\/wp-json\/wp\/v2\/product_cat?post=11905"},{"taxonomy":"product_tag","embeddable":true,"href":"https:\/\/www.forlife.com.tr\/en\/wp-json\/wp\/v2\/product_tag?post=11905"}],"curies":[{"name":"wp","href":"https:\/\/api.w.org\/{rel}","templated":true}]}}