{"id":11876,"date":"2025-06-26T13:49:41","date_gmt":"2025-06-26T10:49:41","guid":{"rendered":"https:\/\/www.forlife.com.tr\/?post_type=product&#038;p=11876"},"modified":"2025-06-26T13:56:00","modified_gmt":"2025-06-26T10:56:00","slug":"boru-tipi-bos-kasa","status":"publish","type":"product","link":"https:\/\/www.forlife.com.tr\/en\/product\/boru-tipi-bos-kasa","title":{"rendered":"Boru Tipi Bo\u015f Kasa"},"content":{"rendered":"<p>*2 Farkl\u0131 Kullan\u0131m (Tavan Montaj &#8211; Rozansl\u0131 Sark\u0131t) \u0130mkan\u0131 Sa\u011flayan Montaj Aparatlar\u0131 Fiyata Dahildir.<\/p>","protected":false},"excerpt":{"rendered":"<p>*2 Farkl\u0131 Kullan\u0131m (Tavan Montaj &#8211; Rozansl\u0131 Sark\u0131t) \u0130mkan\u0131 Sa\u011flayan Montaj Aparatlar\u0131 Fiyata Dahildir.<\/p>","protected":false},"featured_media":11877,"template":"","meta":{"_joinchat":[]},"product_brand":[],"product_cat":[136,774,770],"product_tag":[],"class_list":{"0":"post-11876","1":"product","2":"type-product","3":"status-publish","4":"has-post-thumbnail","6":"product_cat-ic-mekan","7":"product_cat-boru-tipi-bos-kasalar","8":"product_cat-bos-kasalar","10":"first","11":"instock","12":"shipping-taxable","13":"purchasable","14":"product-type-simple"},"_links":{"self":[{"href":"https:\/\/www.forlife.com.tr\/en\/wp-json\/wp\/v2\/product\/11876","targetHints":{"allow":["GET"]}}],"collection":[{"href":"https:\/\/www.forlife.com.tr\/en\/wp-json\/wp\/v2\/product"}],"about":[{"href":"https:\/\/www.forlife.com.tr\/en\/wp-json\/wp\/v2\/types\/product"}],"wp:featuredmedia":[{"embeddable":true,"href":"https:\/\/www.forlife.com.tr\/en\/wp-json\/wp\/v2\/media\/11877"}],"wp:attachment":[{"href":"https:\/\/www.forlife.com.tr\/en\/wp-json\/wp\/v2\/media?parent=11876"}],"wp:term":[{"taxonomy":"product_brand","embeddable":true,"href":"https:\/\/www.forlife.com.tr\/en\/wp-json\/wp\/v2\/product_brand?post=11876"},{"taxonomy":"product_cat","embeddable":true,"href":"https:\/\/www.forlife.com.tr\/en\/wp-json\/wp\/v2\/product_cat?post=11876"},{"taxonomy":"product_tag","embeddable":true,"href":"https:\/\/www.forlife.com.tr\/en\/wp-json\/wp\/v2\/product_tag?post=11876"}],"curies":[{"name":"wp","href":"https:\/\/api.w.org\/{rel}","templated":true}]}}