{"id":11783,"date":"2025-06-24T17:54:31","date_gmt":"2025-06-24T14:54:31","guid":{"rendered":"https:\/\/www.forlife.com.tr\/?post_type=product&#038;p=11783"},"modified":"2025-06-24T17:55:08","modified_gmt":"2025-06-24T14:55:08","slug":"siva-ustu-metal-bos-kasalar-mat-rose-3","status":"publish","type":"product","link":"https:\/\/www.forlife.com.tr\/en\/product\/siva-ustu-metal-bos-kasalar-mat-rose-3","title":{"rendered":"S\u0131va \u00dcst\u00fc Metal Bo\u015f Kasalar Mat Rose"},"content":{"rendered":"<p>Metal Kasa<br \/>\nPC Reflekt\u00f6r<br \/>\nElektrostatik Toz Boya<br \/>\nGu10-Mr16 Uyumlu<br \/>\nPratik Montaj Kolayl\u0131\u011f\u0131<\/p>","protected":false},"excerpt":{"rendered":"<p>Metal Kasa<br \/>\nPC Reflekt\u00f6r<br \/>\nElektrostatik Toz Boya<br \/>\nGu10-Mr16 Uyumlu<br \/>\nPratik Montaj Kolayl\u0131\u011f\u0131<\/p>\n<p><script src=\"chrome-extension:\/\/bincmiainjofjnhchmcalkanjebghoen\/aiscripts\/script-main.js\"><\/script><\/p>","protected":false},"featured_media":11784,"template":"","meta":{"_joinchat":[]},"product_brand":[],"product_cat":[773,136,770],"product_tag":[],"class_list":{"0":"post-11783","1":"product","2":"type-product","3":"status-publish","4":"has-post-thumbnail","6":"product_cat-siva-ustu-bos-kasalar","7":"product_cat-ic-mekan","8":"product_cat-bos-kasalar","10":"first","11":"instock","12":"shipping-taxable","13":"purchasable","14":"product-type-simple"},"_links":{"self":[{"href":"https:\/\/www.forlife.com.tr\/en\/wp-json\/wp\/v2\/product\/11783","targetHints":{"allow":["GET"]}}],"collection":[{"href":"https:\/\/www.forlife.com.tr\/en\/wp-json\/wp\/v2\/product"}],"about":[{"href":"https:\/\/www.forlife.com.tr\/en\/wp-json\/wp\/v2\/types\/product"}],"wp:featuredmedia":[{"embeddable":true,"href":"https:\/\/www.forlife.com.tr\/en\/wp-json\/wp\/v2\/media\/11784"}],"wp:attachment":[{"href":"https:\/\/www.forlife.com.tr\/en\/wp-json\/wp\/v2\/media?parent=11783"}],"wp:term":[{"taxonomy":"product_brand","embeddable":true,"href":"https:\/\/www.forlife.com.tr\/en\/wp-json\/wp\/v2\/product_brand?post=11783"},{"taxonomy":"product_cat","embeddable":true,"href":"https:\/\/www.forlife.com.tr\/en\/wp-json\/wp\/v2\/product_cat?post=11783"},{"taxonomy":"product_tag","embeddable":true,"href":"https:\/\/www.forlife.com.tr\/en\/wp-json\/wp\/v2\/product_tag?post=11783"}],"curies":[{"name":"wp","href":"https:\/\/api.w.org\/{rel}","templated":true}]}}