{"id":11768,"date":"2025-06-24T17:28:53","date_gmt":"2025-06-24T14:28:53","guid":{"rendered":"https:\/\/www.forlife.com.tr\/?post_type=product&#038;p=11768"},"modified":"2025-06-24T17:37:56","modified_gmt":"2025-06-24T14:37:56","slug":"siva-ustu-metal-bos-kasalar-hareketli-beyaz","status":"publish","type":"product","link":"https:\/\/www.forlife.com.tr\/en\/product\/siva-ustu-metal-bos-kasalar-hareketli-beyaz","title":{"rendered":"S\u0131va \u00dcst\u00fc Metal Bo\u015f Kasalar Hareketli Beyaz"},"content":{"rendered":"<p>Metal Kasa<br \/>\nPC Reflekt\u00f6r<br \/>\nElektrostatik Toz Boya<br \/>\nGu10-Mr16 Uyumlu<br \/>\nPratik Montaj Kolayl\u0131\u011f\u0131<\/p>","protected":false},"excerpt":{"rendered":"<p>Metal Kasa<br \/>\nPC Reflekt\u00f6r<br \/>\nElektrostatik Toz Boya<br \/>\nGu10-Mr16 Uyumlu<br \/>\nPratik Montaj Kolayl\u0131\u011f\u0131<\/p>\n<p>&nbsp;<\/p>\n<div id=\"ag-1750772742992\"><\/div>\n<div id=\"ag-1750773415129\"><\/div>\n<p><script src=\"chrome-extension:\/\/bincmiainjofjnhchmcalkanjebghoen\/aiscripts\/script-main.js\"><\/script><\/p>\n<p><script src=\"chrome-extension:\/\/bincmiainjofjnhchmcalkanjebghoen\/aiscripts\/script-main.js\"><\/script><\/p>","protected":false},"featured_media":11769,"template":"","meta":{"_joinchat":[]},"product_brand":[],"product_cat":[136,773,770],"product_tag":[],"class_list":{"0":"post-11768","1":"product","2":"type-product","3":"status-publish","4":"has-post-thumbnail","6":"product_cat-ic-mekan","7":"product_cat-siva-ustu-bos-kasalar","8":"product_cat-bos-kasalar","10":"first","11":"instock","12":"shipping-taxable","13":"purchasable","14":"product-type-simple"},"_links":{"self":[{"href":"https:\/\/www.forlife.com.tr\/en\/wp-json\/wp\/v2\/product\/11768","targetHints":{"allow":["GET"]}}],"collection":[{"href":"https:\/\/www.forlife.com.tr\/en\/wp-json\/wp\/v2\/product"}],"about":[{"href":"https:\/\/www.forlife.com.tr\/en\/wp-json\/wp\/v2\/types\/product"}],"wp:featuredmedia":[{"embeddable":true,"href":"https:\/\/www.forlife.com.tr\/en\/wp-json\/wp\/v2\/media\/11769"}],"wp:attachment":[{"href":"https:\/\/www.forlife.com.tr\/en\/wp-json\/wp\/v2\/media?parent=11768"}],"wp:term":[{"taxonomy":"product_brand","embeddable":true,"href":"https:\/\/www.forlife.com.tr\/en\/wp-json\/wp\/v2\/product_brand?post=11768"},{"taxonomy":"product_cat","embeddable":true,"href":"https:\/\/www.forlife.com.tr\/en\/wp-json\/wp\/v2\/product_cat?post=11768"},{"taxonomy":"product_tag","embeddable":true,"href":"https:\/\/www.forlife.com.tr\/en\/wp-json\/wp\/v2\/product_tag?post=11768"}],"curies":[{"name":"wp","href":"https:\/\/api.w.org\/{rel}","templated":true}]}}