{"id":11702,"date":"2025-06-23T16:53:36","date_gmt":"2025-06-23T13:53:36","guid":{"rendered":"https:\/\/www.forlife.com.tr\/?post_type=product&#038;p=11702"},"modified":"2025-06-23T16:54:38","modified_gmt":"2025-06-23T13:54:38","slug":"metal-bos-kasa-37","status":"publish","type":"product","link":"https:\/\/www.forlife.com.tr\/en\/product\/metal-bos-kasa-37","title":{"rendered":"Metal Bo\u015f Kasa"},"content":{"rendered":"<p>Metal Kasa<br \/>\nPC Reflekt\u00f6r<br \/>\nElektrostatik Toz Boya<br \/>\nGu10-Mr16 Uyumlu<br \/>\nPratik Montaj Kolayl\u0131\u011f\u0131<br \/>\nHareketli \u0130\u00e7 Mekanizma<br \/>\nYuvarlak kesim \u00f6zelli\u011fi<\/p>\n<p>Uygulama alan\u0131n\u0131za uygun reflekt\u00f6r rengi se\u00e7enekleri<\/p>","protected":false},"excerpt":{"rendered":"<p>Metal Kasa<br \/>\nPC Reflekt\u00f6r<br \/>\nElektrostatik Toz Boya<br \/>\nGu10-Mr16 Uyumlu<br \/>\nPratik Montaj Kolayl\u0131\u011f\u0131<br \/>\nHareketli \u0130\u00e7 Mekanizma<br \/>\nYuvarlak kesim \u00f6zelli\u011fi<\/p>\n<p>Uygulama alan\u0131n\u0131za uygun reflekt\u00f6r rengi se\u00e7enekleri<\/p>","protected":false},"featured_media":11703,"template":"","meta":{"_joinchat":[]},"product_brand":[],"product_cat":[772,136,770],"product_tag":[],"class_list":{"0":"post-11702","1":"product","2":"type-product","3":"status-publish","4":"has-post-thumbnail","6":"product_cat-siva-alti-bos-kasalar","7":"product_cat-ic-mekan","8":"product_cat-bos-kasalar","10":"first","11":"instock","12":"shipping-taxable","13":"purchasable","14":"product-type-simple"},"_links":{"self":[{"href":"https:\/\/www.forlife.com.tr\/en\/wp-json\/wp\/v2\/product\/11702","targetHints":{"allow":["GET"]}}],"collection":[{"href":"https:\/\/www.forlife.com.tr\/en\/wp-json\/wp\/v2\/product"}],"about":[{"href":"https:\/\/www.forlife.com.tr\/en\/wp-json\/wp\/v2\/types\/product"}],"wp:featuredmedia":[{"embeddable":true,"href":"https:\/\/www.forlife.com.tr\/en\/wp-json\/wp\/v2\/media\/11703"}],"wp:attachment":[{"href":"https:\/\/www.forlife.com.tr\/en\/wp-json\/wp\/v2\/media?parent=11702"}],"wp:term":[{"taxonomy":"product_brand","embeddable":true,"href":"https:\/\/www.forlife.com.tr\/en\/wp-json\/wp\/v2\/product_brand?post=11702"},{"taxonomy":"product_cat","embeddable":true,"href":"https:\/\/www.forlife.com.tr\/en\/wp-json\/wp\/v2\/product_cat?post=11702"},{"taxonomy":"product_tag","embeddable":true,"href":"https:\/\/www.forlife.com.tr\/en\/wp-json\/wp\/v2\/product_tag?post=11702"}],"curies":[{"name":"wp","href":"https:\/\/api.w.org\/{rel}","templated":true}]}}