{"id":11610,"date":"2025-06-21T16:44:53","date_gmt":"2025-06-21T13:44:53","guid":{"rendered":"https:\/\/www.forlife.com.tr\/?post_type=product&#038;p=11610"},"modified":"2025-06-21T16:48:09","modified_gmt":"2025-06-21T13:48:09","slug":"3-50w-kitli-driver","status":"publish","type":"product","link":"https:\/\/www.forlife.com.tr\/en\/product\/3-50w-kitli-driver","title":{"rendered":"3-50W Kitli Driver"},"content":{"rendered":"<p>\u2022 3W-50W \u00c7al\u0131\u015fma Aral\u0131\u011f\u0131<br \/>\n\u2022 AC 85V-265V 50 Hz 300 mA<br \/>\n\u2022 15-84V DC \u00c7\u0131k\u0131\u015f Voltaj Aral\u0131\u011f\u0131<br \/>\n\u2022 180 dk. \u015earj S\u00fcresi<br \/>\n\u2022 120 dk. Kesintisiz Enerji<\/p>\n<p>D\u0130KKAT!<br \/>\n\u2022 Bu acil kitli s\u00fcr\u00fcc\u00fcy\u00fc, \u00f6nce \u00fcr\u00fcne tak\u0131p sonra elektrik vermelisiniz.<br \/>\n\u2022 Hareket sens\u00f6r\u00fc ile birlikte \u00e7al\u0131\u015fmaz.<\/p>","protected":false},"excerpt":{"rendered":"<p>\u2022 3W-50W \u00c7al\u0131\u015fma Aral\u0131\u011f\u0131<br \/>\n\u2022 AC 85V-265V 50 Hz 300 mA<br \/>\n\u2022 15-84V DC \u00c7\u0131k\u0131\u015f Voltaj Aral\u0131\u011f\u0131<br \/>\n\u2022 180 dk. \u015earj S\u00fcresi<br \/>\n\u2022 120 dk. Kesintisiz Enerji<\/p>\n<p>D\u0130KKAT!<br \/>\n\u2022 Bu acil kitli s\u00fcr\u00fcc\u00fcy\u00fc, \u00f6nce \u00fcr\u00fcne tak\u0131p sonra elektrik vermelisiniz.<br \/>\n\u2022 Hareket sens\u00f6r\u00fc ile birlikte \u00e7al\u0131\u015fmaz.<\/p>\n<div id=\"ag-1750513498854\"><\/div>","protected":false},"featured_media":11611,"template":"","meta":{"_joinchat":[]},"product_brand":[],"product_cat":[136,769],"product_tag":[],"class_list":{"0":"post-11610","1":"product","2":"type-product","3":"status-publish","4":"has-post-thumbnail","6":"product_cat-ic-mekan","7":"product_cat-ayarlanabilir-delik-capli-paneller-ve-siva-ustu-paneller","9":"first","10":"instock","11":"shipping-taxable","12":"purchasable","13":"product-type-simple"},"_links":{"self":[{"href":"https:\/\/www.forlife.com.tr\/en\/wp-json\/wp\/v2\/product\/11610","targetHints":{"allow":["GET"]}}],"collection":[{"href":"https:\/\/www.forlife.com.tr\/en\/wp-json\/wp\/v2\/product"}],"about":[{"href":"https:\/\/www.forlife.com.tr\/en\/wp-json\/wp\/v2\/types\/product"}],"wp:featuredmedia":[{"embeddable":true,"href":"https:\/\/www.forlife.com.tr\/en\/wp-json\/wp\/v2\/media\/11611"}],"wp:attachment":[{"href":"https:\/\/www.forlife.com.tr\/en\/wp-json\/wp\/v2\/media?parent=11610"}],"wp:term":[{"taxonomy":"product_brand","embeddable":true,"href":"https:\/\/www.forlife.com.tr\/en\/wp-json\/wp\/v2\/product_brand?post=11610"},{"taxonomy":"product_cat","embeddable":true,"href":"https:\/\/www.forlife.com.tr\/en\/wp-json\/wp\/v2\/product_cat?post=11610"},{"taxonomy":"product_tag","embeddable":true,"href":"https:\/\/www.forlife.com.tr\/en\/wp-json\/wp\/v2\/product_tag?post=11610"}],"curies":[{"name":"wp","href":"https:\/\/api.w.org\/{rel}","templated":true}]}}