{"id":11577,"date":"2025-06-21T15:12:09","date_gmt":"2025-06-21T12:12:09","guid":{"rendered":"https:\/\/www.forlife.com.tr\/?post_type=product&#038;p=11577"},"modified":"2025-06-21T15:15:16","modified_gmt":"2025-06-21T12:15:16","slug":"yildiz-spot-armaturler-3","status":"publish","type":"product","link":"https:\/\/www.forlife.com.tr\/en\/product\/yildiz-spot-armaturler-3","title":{"rendered":"Y\u0131ld\u0131z Spot Armat\u00fcrler"},"content":{"rendered":"<p>BRIDGELUX Led<br \/>\nMetal G\u00f6vde<br \/>\nY\u00fcksek CRI de\u011feri<br \/>\nKolay Montaj<br \/>\nHareketli Yap\u0131<br \/>\nAk\u0131ll\u0131 So\u011futma Sistemi<\/p>","protected":false},"excerpt":{"rendered":"<p>BRIDGELUX Led<br \/>\nMetal G\u00f6vde<br \/>\nY\u00fcksek CRI de\u011feri<br \/>\nKolay Montaj<br \/>\nHareketli Yap\u0131<br \/>\nAk\u0131ll\u0131 So\u011futma Sistemi<\/p>\n<div id=\"ag-1750506234930\"><\/div>\n<p><script src=\"chrome-extension:\/\/bincmiainjofjnhchmcalkanjebghoen\/aiscripts\/script-main.js\"><\/script><\/p>\n<p><script src=\"chrome-extension:\/\/bincmiainjofjnhchmcalkanjebghoen\/aiscripts\/script-main.js\"><\/script><\/p>","protected":false},"featured_media":11578,"template":"","meta":{"_joinchat":[]},"product_brand":[],"product_cat":[136,734],"product_tag":[],"class_list":{"0":"post-11577","1":"product","2":"type-product","3":"status-publish","4":"has-post-thumbnail","6":"product_cat-ic-mekan","7":"product_cat-mini-spotlar","8":"pa_isik-sicakligi-3200k","9":"pa_isik-sicakligi-4000k","10":"pa_isik-sicakligi-mavi-blue","11":"pa_lumen-80-lumen","12":"pa_volt-220-volt","13":"pa_watt-1-watt","15":"first","16":"instock","17":"shipping-taxable","18":"purchasable","19":"product-type-simple"},"_links":{"self":[{"href":"https:\/\/www.forlife.com.tr\/en\/wp-json\/wp\/v2\/product\/11577","targetHints":{"allow":["GET"]}}],"collection":[{"href":"https:\/\/www.forlife.com.tr\/en\/wp-json\/wp\/v2\/product"}],"about":[{"href":"https:\/\/www.forlife.com.tr\/en\/wp-json\/wp\/v2\/types\/product"}],"wp:featuredmedia":[{"embeddable":true,"href":"https:\/\/www.forlife.com.tr\/en\/wp-json\/wp\/v2\/media\/11578"}],"wp:attachment":[{"href":"https:\/\/www.forlife.com.tr\/en\/wp-json\/wp\/v2\/media?parent=11577"}],"wp:term":[{"taxonomy":"product_brand","embeddable":true,"href":"https:\/\/www.forlife.com.tr\/en\/wp-json\/wp\/v2\/product_brand?post=11577"},{"taxonomy":"product_cat","embeddable":true,"href":"https:\/\/www.forlife.com.tr\/en\/wp-json\/wp\/v2\/product_cat?post=11577"},{"taxonomy":"product_tag","embeddable":true,"href":"https:\/\/www.forlife.com.tr\/en\/wp-json\/wp\/v2\/product_tag?post=11577"}],"curies":[{"name":"wp","href":"https:\/\/api.w.org\/{rel}","templated":true}]}}