{"id":11560,"date":"2025-06-21T14:43:52","date_gmt":"2025-06-21T11:43:52","guid":{"rendered":"https:\/\/www.forlife.com.tr\/?post_type=product&#038;p=11560"},"modified":"2025-06-21T14:48:36","modified_gmt":"2025-06-21T11:48:36","slug":"manda-gozu-armaturler","status":"publish","type":"product","link":"https:\/\/www.forlife.com.tr\/en\/product\/manda-gozu-armaturler","title":{"rendered":"Manda G\u00f6z\u00fc Armat\u00fcrler"},"content":{"rendered":"<p>BRIDGELUX Led<br \/>\nMetal G\u00f6vde<br \/>\nY\u00fcksek CRI de\u011feri<br \/>\nKolay Montaj<br \/>\nHareketli Yap\u0131<br \/>\nAk\u0131ll\u0131 So\u011futma Sistemi<\/p>","protected":false},"excerpt":{"rendered":"<p>BRIDGELUX Led<br \/>\nMetal G\u00f6vde<br \/>\nY\u00fcksek CRI de\u011feri<br \/>\nKolay Montaj<br \/>\nHareketli Yap\u0131<br \/>\nAk\u0131ll\u0131 So\u011futma Sistemi<\/p>\n<p>&nbsp;<\/p>\n<div id=\"ag-1750506234930\"><\/div>","protected":false},"featured_media":11561,"template":"","meta":{"_joinchat":[]},"product_brand":[],"product_cat":[136,734],"product_tag":[],"class_list":{"0":"post-11560","1":"product","2":"type-product","3":"status-publish","4":"has-post-thumbnail","6":"product_cat-ic-mekan","7":"product_cat-mini-spotlar","8":"pa_isik-sicakligi-3200k","9":"pa_isik-sicakligi-4000k","10":"pa_lumen-80-lumen","11":"pa_volt-220-volt","12":"pa_watt-1-watt","14":"first","15":"instock","16":"shipping-taxable","17":"purchasable","18":"product-type-simple"},"_links":{"self":[{"href":"https:\/\/www.forlife.com.tr\/en\/wp-json\/wp\/v2\/product\/11560","targetHints":{"allow":["GET"]}}],"collection":[{"href":"https:\/\/www.forlife.com.tr\/en\/wp-json\/wp\/v2\/product"}],"about":[{"href":"https:\/\/www.forlife.com.tr\/en\/wp-json\/wp\/v2\/types\/product"}],"wp:featuredmedia":[{"embeddable":true,"href":"https:\/\/www.forlife.com.tr\/en\/wp-json\/wp\/v2\/media\/11561"}],"wp:attachment":[{"href":"https:\/\/www.forlife.com.tr\/en\/wp-json\/wp\/v2\/media?parent=11560"}],"wp:term":[{"taxonomy":"product_brand","embeddable":true,"href":"https:\/\/www.forlife.com.tr\/en\/wp-json\/wp\/v2\/product_brand?post=11560"},{"taxonomy":"product_cat","embeddable":true,"href":"https:\/\/www.forlife.com.tr\/en\/wp-json\/wp\/v2\/product_cat?post=11560"},{"taxonomy":"product_tag","embeddable":true,"href":"https:\/\/www.forlife.com.tr\/en\/wp-json\/wp\/v2\/product_tag?post=11560"}],"curies":[{"name":"wp","href":"https:\/\/api.w.org\/{rel}","templated":true}]}}