{"id":11555,"date":"2025-06-20T17:21:50","date_gmt":"2025-06-20T14:21:50","guid":{"rendered":"https:\/\/www.forlife.com.tr\/?post_type=product&#038;p=11555"},"modified":"2025-06-20T17:22:33","modified_gmt":"2025-06-20T14:22:33","slug":"dokum-kasa-profesyonel-downlight-9","status":"publish","type":"product","link":"https:\/\/www.forlife.com.tr\/en\/product\/dokum-kasa-profesyonel-downlight-9","title":{"rendered":"D\u00f6k\u00fcm Kasa Profesyonel Downlight"},"content":{"rendered":"<p>D\u00f6k\u00fcm Kasa<br \/>\nUzun \u00d6m\u00fcrl\u00fc Driver<br \/>\nY\u00fcksek CRI de\u011feri<br \/>\nAk\u0131ll\u0131 So\u011futma Sistemi<br \/>\nOpak Dif\u00fcz\u00f6r<br \/>\nPratik Montaj Kolayl\u0131\u011f\u0131<\/p>\n<p>Uygulama alan\u0131n\u0131za uygun reflekt\u00f6r rengi se\u00e7enekleri<\/p>","protected":false},"excerpt":{"rendered":"<p>D\u00f6k\u00fcm Kasa<br \/>\nUzun \u00d6m\u00fcrl\u00fc Driver<br \/>\nY\u00fcksek CRI de\u011feri<br \/>\nAk\u0131ll\u0131 So\u011futma Sistemi<br \/>\nOpak Dif\u00fcz\u00f6r<br \/>\nPratik Montaj Kolayl\u0131\u011f\u0131<\/p>\n<p>Uygulama alan\u0131n\u0131za uygun reflekt\u00f6r rengi se\u00e7enekleri<\/p>","protected":false},"featured_media":11556,"template":"","meta":{"_joinchat":[]},"product_brand":[],"product_cat":[136,733],"product_tag":[],"class_list":{"0":"post-11555","1":"product","2":"type-product","3":"status-publish","4":"has-post-thumbnail","6":"product_cat-ic-mekan","7":"product_cat-downlightlar","8":"pa_isik-sicakligi-6500k-tr","9":"pa_isik-sicakligi-3200k","10":"pa_isik-sicakligi-4000k","11":"pa_lumen-900-lumen","12":"pa_volt-220-volt","13":"pa_watt-10-watt","15":"first","16":"instock","17":"shipping-taxable","18":"purchasable","19":"product-type-simple"},"_links":{"self":[{"href":"https:\/\/www.forlife.com.tr\/en\/wp-json\/wp\/v2\/product\/11555","targetHints":{"allow":["GET"]}}],"collection":[{"href":"https:\/\/www.forlife.com.tr\/en\/wp-json\/wp\/v2\/product"}],"about":[{"href":"https:\/\/www.forlife.com.tr\/en\/wp-json\/wp\/v2\/types\/product"}],"wp:featuredmedia":[{"embeddable":true,"href":"https:\/\/www.forlife.com.tr\/en\/wp-json\/wp\/v2\/media\/11556"}],"wp:attachment":[{"href":"https:\/\/www.forlife.com.tr\/en\/wp-json\/wp\/v2\/media?parent=11555"}],"wp:term":[{"taxonomy":"product_brand","embeddable":true,"href":"https:\/\/www.forlife.com.tr\/en\/wp-json\/wp\/v2\/product_brand?post=11555"},{"taxonomy":"product_cat","embeddable":true,"href":"https:\/\/www.forlife.com.tr\/en\/wp-json\/wp\/v2\/product_cat?post=11555"},{"taxonomy":"product_tag","embeddable":true,"href":"https:\/\/www.forlife.com.tr\/en\/wp-json\/wp\/v2\/product_tag?post=11555"}],"curies":[{"name":"wp","href":"https:\/\/api.w.org\/{rel}","templated":true}]}}