{"id":11497,"date":"2025-06-19T18:01:11","date_gmt":"2025-06-19T15:01:11","guid":{"rendered":"https:\/\/www.forlife.com.tr\/?post_type=product&#038;p=11497"},"modified":"2025-06-19T18:03:31","modified_gmt":"2025-06-19T15:03:31","slug":"profesyonel-downlight-36","status":"publish","type":"product","link":"https:\/\/www.forlife.com.tr\/en\/product\/profesyonel-downlight-36","title":{"rendered":"Profesyonel Downlight"},"content":{"rendered":"<p>OSRAM \/ LEDVANCE Led<br \/>\nENEC &#8211; LIFUD Driver<br \/>\nD\u00f6k\u00fcm Kasa<br \/>\nAk\u0131ll\u0131 So\u011futma Sistemi<br \/>\nY\u00fcksek CRI De\u011feri<br \/>\nPratik Montaj<\/p>\n<p>Uygulama alan\u0131n\u0131za uygun reflekt\u00f6r rengi se\u00e7enekleri<\/p>","protected":false},"excerpt":{"rendered":"<p>OSRAM \/ LEDVANCE Led<br \/>\nENEC &#8211; LIFUD Driver<br \/>\nD\u00f6k\u00fcm Kasa<br \/>\nAk\u0131ll\u0131 So\u011futma Sistemi<br \/>\nY\u00fcksek CRI De\u011feri<br \/>\nPratik Montaj<\/p>\n<p>Uygulama alan\u0131n\u0131za uygun reflekt\u00f6r rengi se\u00e7enekleri<\/p>\n<p><script src=\"chrome-extension:\/\/bincmiainjofjnhchmcalkanjebghoen\/aiscripts\/script-main.js\"><\/script><\/p>","protected":false},"featured_media":11498,"template":"","meta":{"_joinchat":[]},"product_brand":[],"product_cat":[136,733],"product_tag":[],"class_list":{"0":"post-11497","1":"product","2":"type-product","3":"status-publish","4":"has-post-thumbnail","6":"product_cat-ic-mekan","7":"product_cat-downlightlar","8":"pa_isik-sicakligi-3200k","9":"pa_isik-sicakligi-4000k","10":"pa_isik-sicakligi-6500k-tr","11":"pa_lumen-1980-lumen","12":"pa_volt-220-volt","13":"pa_watt-18-watt","15":"first","16":"instock","17":"shipping-taxable","18":"purchasable","19":"product-type-simple"},"_links":{"self":[{"href":"https:\/\/www.forlife.com.tr\/en\/wp-json\/wp\/v2\/product\/11497","targetHints":{"allow":["GET"]}}],"collection":[{"href":"https:\/\/www.forlife.com.tr\/en\/wp-json\/wp\/v2\/product"}],"about":[{"href":"https:\/\/www.forlife.com.tr\/en\/wp-json\/wp\/v2\/types\/product"}],"wp:featuredmedia":[{"embeddable":true,"href":"https:\/\/www.forlife.com.tr\/en\/wp-json\/wp\/v2\/media\/11498"}],"wp:attachment":[{"href":"https:\/\/www.forlife.com.tr\/en\/wp-json\/wp\/v2\/media?parent=11497"}],"wp:term":[{"taxonomy":"product_brand","embeddable":true,"href":"https:\/\/www.forlife.com.tr\/en\/wp-json\/wp\/v2\/product_brand?post=11497"},{"taxonomy":"product_cat","embeddable":true,"href":"https:\/\/www.forlife.com.tr\/en\/wp-json\/wp\/v2\/product_cat?post=11497"},{"taxonomy":"product_tag","embeddable":true,"href":"https:\/\/www.forlife.com.tr\/en\/wp-json\/wp\/v2\/product_tag?post=11497"}],"curies":[{"name":"wp","href":"https:\/\/api.w.org\/{rel}","templated":true}]}}