{"id":11376,"date":"2025-06-18T16:38:59","date_gmt":"2025-06-18T13:38:59","guid":{"rendered":"https:\/\/www.forlife.com.tr\/?post_type=product&#038;p=11376"},"modified":"2025-06-18T16:52:17","modified_gmt":"2025-06-18T13:52:17","slug":"premium-seri-profesyonel-downlight-15w-6","status":"publish","type":"product","link":"https:\/\/www.forlife.com.tr\/en\/product\/premium-seri-profesyonel-downlight-15w-6","title":{"rendered":"Premium Seri Profesyonel Downlight 15W"},"content":{"rendered":"<p>OSRAM \/ LEDVANCE Led<br \/>\nENEC &#8211; LIFUD Driver<br \/>\nAl\u00fcminyum Enjeksiyon G\u00f6vde<br \/>\nAk\u0131ll\u0131 So\u011futma Sistemi<br \/>\nY\u00fcksek CRI De\u011feri<br \/>\n9-12-15W Opsiyonlar\u0131<\/p>\n<p>PATENTL\u0130 \u00d6ZEL KALIP<\/p>\n<p>Uygulama alan\u0131n\u0131za uygun reflekt\u00f6r rengi se\u00e7enekleri<\/p>\n<p>*Renkli reflekt\u00f6rlerde liste fiyatlar\u0131na +3 USD eklenir.<\/p>","protected":false},"excerpt":{"rendered":"<p>OSRAM \/ LEDVANCE Led<br \/>\nENEC &#8211; LIFUD Driver<br \/>\nAl\u00fcminyum Enjeksiyon G\u00f6vde<br \/>\nAk\u0131ll\u0131 So\u011futma Sistemi<br \/>\nY\u00fcksek CRI De\u011feri<br \/>\n9-12-15W Opsiyonlar\u0131<\/p>\n<p>PATENTL\u0130 \u00d6ZEL KALIP<\/p>\n<p>Uygulama alan\u0131n\u0131za uygun reflekt\u00f6r rengi se\u00e7enekleri<\/p>\n<p>*Renkli reflekt\u00f6rlerde liste fiyatlar\u0131na +3 USD eklenir.<\/p>\n<p>&nbsp;<\/p>\n<div id=\"ag-1750172491272\"><\/div>\n<p><script src=\"chrome-extension:\/\/bincmiainjofjnhchmcalkanjebghoen\/aiscripts\/script-main.js\"><\/script><\/p>\n<p><script src=\"chrome-extension:\/\/bincmiainjofjnhchmcalkanjebghoen\/aiscripts\/script-main.js\"><\/script><\/p>","protected":false},"featured_media":11374,"template":"","meta":{"_joinchat":[]},"product_brand":[],"product_cat":[136,733],"product_tag":[],"class_list":{"0":"post-11376","1":"product","2":"type-product","3":"status-publish","4":"has-post-thumbnail","6":"product_cat-ic-mekan","7":"product_cat-downlightlar","8":"pa_isik-sicakligi-4000k","9":"pa_isik-sicakligi-6500k-tr","10":"pa_isik-sicakligi-3200k","11":"pa_lumen-110-lumen","12":"pa_volt-220-volt","13":"pa_watt-15-watt","15":"first","16":"instock","17":"shipping-taxable","18":"purchasable","19":"product-type-simple"},"_links":{"self":[{"href":"https:\/\/www.forlife.com.tr\/en\/wp-json\/wp\/v2\/product\/11376","targetHints":{"allow":["GET"]}}],"collection":[{"href":"https:\/\/www.forlife.com.tr\/en\/wp-json\/wp\/v2\/product"}],"about":[{"href":"https:\/\/www.forlife.com.tr\/en\/wp-json\/wp\/v2\/types\/product"}],"wp:featuredmedia":[{"embeddable":true,"href":"https:\/\/www.forlife.com.tr\/en\/wp-json\/wp\/v2\/media\/11374"}],"wp:attachment":[{"href":"https:\/\/www.forlife.com.tr\/en\/wp-json\/wp\/v2\/media?parent=11376"}],"wp:term":[{"taxonomy":"product_brand","embeddable":true,"href":"https:\/\/www.forlife.com.tr\/en\/wp-json\/wp\/v2\/product_brand?post=11376"},{"taxonomy":"product_cat","embeddable":true,"href":"https:\/\/www.forlife.com.tr\/en\/wp-json\/wp\/v2\/product_cat?post=11376"},{"taxonomy":"product_tag","embeddable":true,"href":"https:\/\/www.forlife.com.tr\/en\/wp-json\/wp\/v2\/product_tag?post=11376"}],"curies":[{"name":"wp","href":"https:\/\/api.w.org\/{rel}","templated":true}]}}