{"id":11347,"date":"2025-06-17T16:08:45","date_gmt":"2025-06-17T13:08:45","guid":{"rendered":"https:\/\/www.forlife.com.tr\/?post_type=product&#038;p=11347"},"modified":"2025-06-17T16:09:44","modified_gmt":"2025-06-17T13:09:44","slug":"yuvarlak-saturn-linear-8x35mm-3","status":"publish","type":"product","link":"https:\/\/www.forlife.com.tr\/en\/product\/yuvarlak-saturn-linear-8x35mm-3","title":{"rendered":"YUVARLAK SATURN LINEAR (8x35mm)"},"content":{"rendered":"<p>Linear Armat\u00fcrler<\/p>\n<p>T\u00dcM L\u0130NEAR MODELLER\u0130NDE \u0130STEN\u0130LEN I\u015eIK RENG\u0130, \u00d6L\u00c7\u00dc VE KASA RENG\u0130NDE \u00dcRET\u0130M YAPILMAKTADIR. F\u0130YAT VE TERM\u0130N B\u0130LG\u0130S\u0130 ALMAK \u0130\u00c7\u0130N \u0130LET\u0130\u015e\u0130ME GE\u00c7\u0130N\u0130Z.<\/p>","protected":false},"excerpt":{"rendered":"<p>Linear Armat\u00fcrler<\/p>\n<p>T\u00dcM L\u0130NEAR MODELLER\u0130NDE \u0130STEN\u0130LEN I\u015eIK RENG\u0130, \u00d6L\u00c7\u00dc VE KASA RENG\u0130NDE \u00dcRET\u0130M YAPILMAKTADIR. F\u0130YAT VE TERM\u0130N B\u0130LG\u0130S\u0130 ALMAK \u0130\u00c7\u0130N \u0130LET\u0130\u015e\u0130ME GE\u00c7\u0130N\u0130Z.<\/p>\n<p>&nbsp;<\/p>\n<p>&nbsp;<\/p>\n<p><script src=\"chrome-extension:\/\/bincmiainjofjnhchmcalkanjebghoen\/aiscripts\/script-main.js\"><\/script><\/p>","protected":false},"featured_media":11345,"template":"","meta":{"_joinchat":[]},"product_brand":[],"product_cat":[136,732],"product_tag":[],"class_list":{"0":"post-11347","1":"product","2":"type-product","3":"status-publish","4":"has-post-thumbnail","6":"product_cat-ic-mekan","7":"product_cat-linear-armaturler","8":"pa_lumen-7800-lumen","9":"pa_watt-65-watt","11":"first","12":"instock","13":"shipping-taxable","14":"purchasable","15":"product-type-simple"},"_links":{"self":[{"href":"https:\/\/www.forlife.com.tr\/en\/wp-json\/wp\/v2\/product\/11347","targetHints":{"allow":["GET"]}}],"collection":[{"href":"https:\/\/www.forlife.com.tr\/en\/wp-json\/wp\/v2\/product"}],"about":[{"href":"https:\/\/www.forlife.com.tr\/en\/wp-json\/wp\/v2\/types\/product"}],"wp:featuredmedia":[{"embeddable":true,"href":"https:\/\/www.forlife.com.tr\/en\/wp-json\/wp\/v2\/media\/11345"}],"wp:attachment":[{"href":"https:\/\/www.forlife.com.tr\/en\/wp-json\/wp\/v2\/media?parent=11347"}],"wp:term":[{"taxonomy":"product_brand","embeddable":true,"href":"https:\/\/www.forlife.com.tr\/en\/wp-json\/wp\/v2\/product_brand?post=11347"},{"taxonomy":"product_cat","embeddable":true,"href":"https:\/\/www.forlife.com.tr\/en\/wp-json\/wp\/v2\/product_cat?post=11347"},{"taxonomy":"product_tag","embeddable":true,"href":"https:\/\/www.forlife.com.tr\/en\/wp-json\/wp\/v2\/product_tag?post=11347"}],"curies":[{"name":"wp","href":"https:\/\/api.w.org\/{rel}","templated":true}]}}