{"id":11326,"date":"2025-06-17T14:20:33","date_gmt":"2025-06-17T11:20:33","guid":{"rendered":"https:\/\/www.forlife.com.tr\/?post_type=product&#038;p=11326"},"modified":"2025-06-17T14:34:34","modified_gmt":"2025-06-17T11:34:34","slug":"kare-saturn-linear-cift-yonlu-8x35mm","status":"publish","type":"product","link":"https:\/\/www.forlife.com.tr\/en\/product\/kare-saturn-linear-cift-yonlu-8x35mm","title":{"rendered":"KARE SATURN LINEAR (\u00c7\u0130FT Y\u00d6NL\u00dc) (8x35mm)"},"content":{"rendered":"<p>Linear Armat\u00fcrler<\/p>\n<p>T\u00dcM L\u0130NEAR MODELLER\u0130NDE \u0130STEN\u0130LEN I\u015eIK RENG\u0130, \u00d6L\u00c7\u00dc VE KASA RENG\u0130NDE \u00dcRET\u0130M YAPILMAKTADIR. F\u0130YAT VE TERM\u0130N B\u0130LG\u0130S\u0130 ALMAK \u0130\u00c7\u0130N \u0130LET\u0130\u015e\u0130ME GE\u00c7\u0130N\u0130Z.<\/p>","protected":false},"excerpt":{"rendered":"<p>Linear Armat\u00fcrler<\/p>\n<p>T\u00dcM L\u0130NEAR MODELLER\u0130NDE \u0130STEN\u0130LEN I\u015eIK RENG\u0130, \u00d6L\u00c7\u00dc VE KASA RENG\u0130NDE \u00dcRET\u0130M YAPILMAKTADIR. F\u0130YAT VE TERM\u0130N B\u0130LG\u0130S\u0130 ALMAK \u0130\u00c7\u0130N \u0130LET\u0130\u015e\u0130ME GE\u00c7\u0130N\u0130Z.<\/p>\n<p>&nbsp;<\/p>","protected":false},"featured_media":11327,"template":"","meta":{"_joinchat":[]},"product_brand":[],"product_cat":[136,732],"product_tag":[],"class_list":{"0":"post-11326","1":"product","2":"type-product","3":"status-publish","4":"has-post-thumbnail","6":"product_cat-ic-mekan","7":"product_cat-linear-armaturler","8":"pa_lumen-12000-lumen","9":"pa_watt-120-watt","11":"first","12":"instock","13":"shipping-taxable","14":"purchasable","15":"product-type-simple"},"_links":{"self":[{"href":"https:\/\/www.forlife.com.tr\/en\/wp-json\/wp\/v2\/product\/11326","targetHints":{"allow":["GET"]}}],"collection":[{"href":"https:\/\/www.forlife.com.tr\/en\/wp-json\/wp\/v2\/product"}],"about":[{"href":"https:\/\/www.forlife.com.tr\/en\/wp-json\/wp\/v2\/types\/product"}],"wp:featuredmedia":[{"embeddable":true,"href":"https:\/\/www.forlife.com.tr\/en\/wp-json\/wp\/v2\/media\/11327"}],"wp:attachment":[{"href":"https:\/\/www.forlife.com.tr\/en\/wp-json\/wp\/v2\/media?parent=11326"}],"wp:term":[{"taxonomy":"product_brand","embeddable":true,"href":"https:\/\/www.forlife.com.tr\/en\/wp-json\/wp\/v2\/product_brand?post=11326"},{"taxonomy":"product_cat","embeddable":true,"href":"https:\/\/www.forlife.com.tr\/en\/wp-json\/wp\/v2\/product_cat?post=11326"},{"taxonomy":"product_tag","embeddable":true,"href":"https:\/\/www.forlife.com.tr\/en\/wp-json\/wp\/v2\/product_tag?post=11326"}],"curies":[{"name":"wp","href":"https:\/\/api.w.org\/{rel}","templated":true}]}}