{"id":11240,"date":"2025-06-14T16:15:26","date_gmt":"2025-06-14T13:15:26","guid":{"rendered":"https:\/\/www.forlife.com.tr\/?post_type=product&#038;p=11240"},"modified":"2025-06-14T16:17:02","modified_gmt":"2025-06-14T13:17:02","slug":"66-cm-s-a-mercekkor","status":"publish","type":"product","link":"https:\/\/www.forlife.com.tr\/en\/product\/66-cm-s-a-mercekkor","title":{"rendered":"66 cm S.A Mercek+K\u00f6r"},"content":{"rendered":"<p>OSRAM \/ SAMSUNG Led<br \/>\nTRIDONIC &#8211; PHILIPS Driver<br \/>\nAl\u00fcminyum G\u00f6vde<br \/>\nAk\u0131ll\u0131 So\u011futma Sistemi<br \/>\nY\u00fcksek CRI De\u011feri<\/p>\n<div id=\"ag-1749817462642\">Mercek : 13 cm<br \/>\nOpak Dif\u00fcz\u00f6r\u00a0 : 40 cm<\/div>\n<div>Uygulama alan\u0131n\u0131za uygun reflekt\u00f6r rengi se\u00e7enekleri<\/div>\n<div>Renkli lenslerde liste fiyatlar\u0131na +2 USD eklenir<\/div>\n<div>T\u00dcM L\u0130NEAR MODELLER\u0130NDE \u0130STEN\u0130LEN I\u015eIK RENG\u0130, \u00d6L\u00c7\u00dc VE KASA RENG\u0130NDE \u00dcRET\u0130M YAPILMAKTADIR. F\u0130YAT VE TERM\u0130N B\u0130LG\u0130S\u0130 ALMAK \u0130\u00c7\u0130N \u0130LET\u0130\u015e\u0130ME GE\u00c7\u0130N\u0130Z.<\/div>","protected":false},"excerpt":{"rendered":"<p>OSRAM \/ SAMSUNG Led<br \/>\nTRIDONIC &#8211; PHILIPS Driver<br \/>\nAl\u00fcminyum G\u00f6vde<br \/>\nAk\u0131ll\u0131 So\u011futma Sistemi<br \/>\nY\u00fcksek CRI De\u011feri<\/p>\n<div id=\"ag-1749817462642\">Mercek : 13 cm<br \/>\nOpak Dif\u00fcz\u00f6r\u00a0 : 40 cm<\/div>\n<div>Uygulama alan\u0131n\u0131za uygun reflekt\u00f6r rengi se\u00e7enekleri<\/div>\n<div>Renkli lenslerde liste fiyatlar\u0131na +2 USD eklenir<\/div>\n<div>T\u00dcM L\u0130NEAR MODELLER\u0130NDE \u0130STEN\u0130LEN I\u015eIK RENG\u0130, \u00d6L\u00c7\u00dc VE KASA RENG\u0130NDE \u00dcRET\u0130M YAPILMAKTADIR. F\u0130YAT VE TERM\u0130N B\u0130LG\u0130S\u0130 ALMAK \u0130\u00c7\u0130N \u0130LET\u0130\u015e\u0130ME GE\u00c7\u0130N\u0130Z.<\/div>\n<div id=\"ag-1749817462772\"><\/div>\n<p>&nbsp;<\/p>\n<p><script src=\"chrome-extension:\/\/bincmiainjofjnhchmcalkanjebghoen\/aiscripts\/script-main.js\"><\/script><\/p>","protected":false},"featured_media":11229,"template":"","meta":{"_joinchat":[]},"product_brand":[],"product_cat":[136,732],"product_tag":[],"class_list":{"0":"post-11240","1":"product","2":"type-product","3":"status-publish","4":"has-post-thumbnail","6":"product_cat-ic-mekan","7":"product_cat-linear-armaturler","8":"pa_isik-sicakligi-3200k","9":"pa_isik-sicakligi-4000k","10":"pa_isik-sicakligi-6500k-tr","11":"pa_lumen-1500-lumen","12":"pa_watt-10-watt","14":"first","15":"instock","16":"shipping-taxable","17":"purchasable","18":"product-type-simple"},"_links":{"self":[{"href":"https:\/\/www.forlife.com.tr\/en\/wp-json\/wp\/v2\/product\/11240","targetHints":{"allow":["GET"]}}],"collection":[{"href":"https:\/\/www.forlife.com.tr\/en\/wp-json\/wp\/v2\/product"}],"about":[{"href":"https:\/\/www.forlife.com.tr\/en\/wp-json\/wp\/v2\/types\/product"}],"wp:featuredmedia":[{"embeddable":true,"href":"https:\/\/www.forlife.com.tr\/en\/wp-json\/wp\/v2\/media\/11229"}],"wp:attachment":[{"href":"https:\/\/www.forlife.com.tr\/en\/wp-json\/wp\/v2\/media?parent=11240"}],"wp:term":[{"taxonomy":"product_brand","embeddable":true,"href":"https:\/\/www.forlife.com.tr\/en\/wp-json\/wp\/v2\/product_brand?post=11240"},{"taxonomy":"product_cat","embeddable":true,"href":"https:\/\/www.forlife.com.tr\/en\/wp-json\/wp\/v2\/product_cat?post=11240"},{"taxonomy":"product_tag","embeddable":true,"href":"https:\/\/www.forlife.com.tr\/en\/wp-json\/wp\/v2\/product_tag?post=11240"}],"curies":[{"name":"wp","href":"https:\/\/api.w.org\/{rel}","templated":true}]}}