{"id":11215,"date":"2025-06-13T14:54:44","date_gmt":"2025-06-13T11:54:44","guid":{"rendered":"https:\/\/www.forlife.com.tr\/?post_type=product&#038;p=11215"},"modified":"2025-06-13T15:09:02","modified_gmt":"2025-06-13T12:09:02","slug":"aski-aparati-2m-2li-takim","status":"publish","type":"product","link":"https:\/\/www.forlife.com.tr\/en\/product\/aski-aparati-2m-2li-takim","title":{"rendered":"Ask\u0131 Aparat\u0131 2m 2\u2019li Tak\u0131m"},"content":{"rendered":"<p>Ask\u0131 Aparat\u0131 2m 2\u2019li Tak\u0131m<\/p>","protected":false},"excerpt":{"rendered":"<p>Ask\u0131 Aparat\u0131 2m 2\u2019li Tak\u0131m<\/p>\n<p>&nbsp;<\/p>\n<div id=\"ag-1749737019892\"><\/div>\n<p><script src=\"chrome-extension:\/\/bincmiainjofjnhchmcalkanjebghoen\/aiscripts\/script-main.js\"><\/script><\/p>\n<p><script src=\"chrome-extension:\/\/bincmiainjofjnhchmcalkanjebghoen\/aiscripts\/script-main.js\"><\/script><\/p>\n<div id=\"ag-1749815691278\"><\/div>","protected":false},"featured_media":11203,"template":"","meta":{"_joinchat":[]},"product_brand":[],"product_cat":[136,732],"product_tag":[],"class_list":{"0":"post-11215","1":"product","2":"type-product","3":"status-publish","4":"has-post-thumbnail","6":"product_cat-ic-mekan","7":"product_cat-linear-armaturler","9":"first","10":"instock","11":"shipping-taxable","12":"purchasable","13":"product-type-simple"},"_links":{"self":[{"href":"https:\/\/www.forlife.com.tr\/en\/wp-json\/wp\/v2\/product\/11215","targetHints":{"allow":["GET"]}}],"collection":[{"href":"https:\/\/www.forlife.com.tr\/en\/wp-json\/wp\/v2\/product"}],"about":[{"href":"https:\/\/www.forlife.com.tr\/en\/wp-json\/wp\/v2\/types\/product"}],"wp:featuredmedia":[{"embeddable":true,"href":"https:\/\/www.forlife.com.tr\/en\/wp-json\/wp\/v2\/media\/11203"}],"wp:attachment":[{"href":"https:\/\/www.forlife.com.tr\/en\/wp-json\/wp\/v2\/media?parent=11215"}],"wp:term":[{"taxonomy":"product_brand","embeddable":true,"href":"https:\/\/www.forlife.com.tr\/en\/wp-json\/wp\/v2\/product_brand?post=11215"},{"taxonomy":"product_cat","embeddable":true,"href":"https:\/\/www.forlife.com.tr\/en\/wp-json\/wp\/v2\/product_cat?post=11215"},{"taxonomy":"product_tag","embeddable":true,"href":"https:\/\/www.forlife.com.tr\/en\/wp-json\/wp\/v2\/product_tag?post=11215"}],"curies":[{"name":"wp","href":"https:\/\/api.w.org\/{rel}","templated":true}]}}