{"id":11209,"date":"2025-06-13T14:39:16","date_gmt":"2025-06-13T11:39:16","guid":{"rendered":"https:\/\/www.forlife.com.tr\/?post_type=product&#038;p=11209"},"modified":"2025-06-13T14:40:47","modified_gmt":"2025-06-13T11:40:47","slug":"120-cm-linear","status":"publish","type":"product","link":"https:\/\/www.forlife.com.tr\/en\/product\/120-cm-linear","title":{"rendered":"120 cm Linear"},"content":{"rendered":"<p>S\u0131va \u00dcst\u00fc &#8211; Sark\u0131t Linear Armat\u00fcrler<\/p>\n<p>T\u00dcM L\u0130NEAR MODELLER\u0130NDE \u0130STEN\u0130LEN I\u015eIK RENG\u0130, \u00d6L\u00c7\u00dc VE KASA RENG\u0130NDE \u00dcRET\u0130M YAPILMAKTADIR. F\u0130YAT VE TERM\u0130N B\u0130LG\u0130S\u0130 ALMAK \u0130\u00c7\u0130N \u0130LET\u0130\u015e\u0130ME GE\u00c7\u0130N\u0130Z.<\/p>","protected":false},"excerpt":{"rendered":"<p>S\u0131va \u00dcst\u00fc &#8211; Sark\u0131t Linear Armat\u00fcrler<\/p>\n<p>T\u00dcM L\u0130NEAR MODELLER\u0130NDE \u0130STEN\u0130LEN I\u015eIK RENG\u0130, \u00d6L\u00c7\u00dc VE KASA RENG\u0130NDE \u00dcRET\u0130M YAPILMAKTADIR. F\u0130YAT VE TERM\u0130N B\u0130LG\u0130S\u0130 ALMAK \u0130\u00c7\u0130N \u0130LET\u0130\u015e\u0130ME GE\u00c7\u0130N\u0130Z.<\/p>\n<p>&nbsp;<\/p>\n<div id=\"ag-1749737019892\"><\/div>\n<p><script src=\"chrome-extension:\/\/bincmiainjofjnhchmcalkanjebghoen\/aiscripts\/script-main.js\"><\/script><\/p>","protected":false},"featured_media":11201,"template":"","meta":{"_joinchat":[]},"product_brand":[],"product_cat":[136,732],"product_tag":[],"class_list":{"0":"post-11209","1":"product","2":"type-product","3":"status-publish","4":"has-post-thumbnail","6":"product_cat-ic-mekan","7":"product_cat-linear-armaturler","8":"pa_isik-sicakligi-3200k","9":"pa_isik-sicakligi-4000k","10":"pa_isik-sicakligi-6500k-tr","11":"pa_lumen-4320-lumen","12":"pa_watt-36-watt","14":"first","15":"instock","16":"shipping-taxable","17":"purchasable","18":"product-type-simple"},"_links":{"self":[{"href":"https:\/\/www.forlife.com.tr\/en\/wp-json\/wp\/v2\/product\/11209","targetHints":{"allow":["GET"]}}],"collection":[{"href":"https:\/\/www.forlife.com.tr\/en\/wp-json\/wp\/v2\/product"}],"about":[{"href":"https:\/\/www.forlife.com.tr\/en\/wp-json\/wp\/v2\/types\/product"}],"wp:featuredmedia":[{"embeddable":true,"href":"https:\/\/www.forlife.com.tr\/en\/wp-json\/wp\/v2\/media\/11201"}],"wp:attachment":[{"href":"https:\/\/www.forlife.com.tr\/en\/wp-json\/wp\/v2\/media?parent=11209"}],"wp:term":[{"taxonomy":"product_brand","embeddable":true,"href":"https:\/\/www.forlife.com.tr\/en\/wp-json\/wp\/v2\/product_brand?post=11209"},{"taxonomy":"product_cat","embeddable":true,"href":"https:\/\/www.forlife.com.tr\/en\/wp-json\/wp\/v2\/product_cat?post=11209"},{"taxonomy":"product_tag","embeddable":true,"href":"https:\/\/www.forlife.com.tr\/en\/wp-json\/wp\/v2\/product_tag?post=11209"}],"curies":[{"name":"wp","href":"https:\/\/api.w.org\/{rel}","templated":true}]}}