{"id":11000,"date":"2025-06-10T17:22:57","date_gmt":"2025-06-10T14:22:57","guid":{"rendered":"https:\/\/www.forlife.com.tr\/?post_type=product&#038;p=11000"},"modified":"2025-06-10T17:32:58","modified_gmt":"2025-06-10T14:32:58","slug":"sarkit-tavan-armaturleri","status":"publish","type":"product","link":"https:\/\/www.forlife.com.tr\/en\/product\/sarkit-tavan-armaturleri","title":{"rendered":"Sark\u0131t Tavan Armat\u00fcrleri"},"content":{"rendered":"<p>Sark\u0131t Armat\u00fcr<\/p>","protected":false},"excerpt":{"rendered":"<p>Sark\u0131t Armat\u00fcr<\/p>","protected":false},"featured_media":11001,"template":"","meta":{"_joinchat":[]},"product_brand":[],"product_cat":[730,136],"product_tag":[],"class_list":{"0":"post-11000","1":"product","2":"type-product","3":"status-publish","4":"has-post-thumbnail","6":"product_cat-sarkit-armaturler","7":"product_cat-ic-mekan","8":"pa_isik-sicakligi-3200k","9":"pa_isik-sicakligi-4000k","10":"pa_lumen-900-lumen","11":"pa_watt-10-watt","13":"first","14":"instock","15":"shipping-taxable","16":"purchasable","17":"product-type-simple"},"_links":{"self":[{"href":"https:\/\/www.forlife.com.tr\/en\/wp-json\/wp\/v2\/product\/11000","targetHints":{"allow":["GET"]}}],"collection":[{"href":"https:\/\/www.forlife.com.tr\/en\/wp-json\/wp\/v2\/product"}],"about":[{"href":"https:\/\/www.forlife.com.tr\/en\/wp-json\/wp\/v2\/types\/product"}],"wp:featuredmedia":[{"embeddable":true,"href":"https:\/\/www.forlife.com.tr\/en\/wp-json\/wp\/v2\/media\/11001"}],"wp:attachment":[{"href":"https:\/\/www.forlife.com.tr\/en\/wp-json\/wp\/v2\/media?parent=11000"}],"wp:term":[{"taxonomy":"product_brand","embeddable":true,"href":"https:\/\/www.forlife.com.tr\/en\/wp-json\/wp\/v2\/product_brand?post=11000"},{"taxonomy":"product_cat","embeddable":true,"href":"https:\/\/www.forlife.com.tr\/en\/wp-json\/wp\/v2\/product_cat?post=11000"},{"taxonomy":"product_tag","embeddable":true,"href":"https:\/\/www.forlife.com.tr\/en\/wp-json\/wp\/v2\/product_tag?post=11000"}],"curies":[{"name":"wp","href":"https:\/\/api.w.org\/{rel}","templated":true}]}}