{"id":10993,"date":"2025-06-10T17:00:51","date_gmt":"2025-06-10T14:00:51","guid":{"rendered":"https:\/\/www.forlife.com.tr\/?post_type=product&#038;p=10993"},"modified":"2025-06-10T17:06:59","modified_gmt":"2025-06-10T14:06:59","slug":"led-gunes-armatur","status":"publish","type":"product","link":"https:\/\/www.forlife.com.tr\/en\/product\/led-gunes-armatur","title":{"rendered":"LED G\u00fcne\u015f Armat\u00fcr"},"content":{"rendered":"<p>Metal G\u00f6vde<br \/>\nY\u00fcksek CRI de\u011feri<br \/>\nPratik Hareket Kabiliyeti<br \/>\nG\u00fcn Bat\u0131m\u0131 Efekti<\/p>","protected":false},"excerpt":{"rendered":"<p>Metal G\u00f6vde<br \/>\nY\u00fcksek CRI de\u011feri<br \/>\nPratik Hareket Kabiliyeti<br \/>\nG\u00fcn Bat\u0131m\u0131 Efekti<\/p>","protected":false},"featured_media":10994,"template":"","meta":{"_joinchat":[]},"product_brand":[],"product_cat":[713,136,727],"product_tag":[],"class_list":{"0":"post-10993","1":"product","2":"type-product","3":"status-publish","4":"has-post-thumbnail","6":"product_cat-magaza-vitrin-aydinlatma","7":"product_cat-ic-mekan","8":"product_cat-siva-ustu-armaturler","9":"pa_isik-sicakligi-amber","10":"pa_isik-sicakligi-3200k","11":"pa_lumen-1350-lumen","12":"pa_volt-220-volt","13":"pa_watt-15-watt","15":"first","16":"instock","17":"shipping-taxable","18":"purchasable","19":"product-type-simple"},"_links":{"self":[{"href":"https:\/\/www.forlife.com.tr\/en\/wp-json\/wp\/v2\/product\/10993","targetHints":{"allow":["GET"]}}],"collection":[{"href":"https:\/\/www.forlife.com.tr\/en\/wp-json\/wp\/v2\/product"}],"about":[{"href":"https:\/\/www.forlife.com.tr\/en\/wp-json\/wp\/v2\/types\/product"}],"wp:featuredmedia":[{"embeddable":true,"href":"https:\/\/www.forlife.com.tr\/en\/wp-json\/wp\/v2\/media\/10994"}],"wp:attachment":[{"href":"https:\/\/www.forlife.com.tr\/en\/wp-json\/wp\/v2\/media?parent=10993"}],"wp:term":[{"taxonomy":"product_brand","embeddable":true,"href":"https:\/\/www.forlife.com.tr\/en\/wp-json\/wp\/v2\/product_brand?post=10993"},{"taxonomy":"product_cat","embeddable":true,"href":"https:\/\/www.forlife.com.tr\/en\/wp-json\/wp\/v2\/product_cat?post=10993"},{"taxonomy":"product_tag","embeddable":true,"href":"https:\/\/www.forlife.com.tr\/en\/wp-json\/wp\/v2\/product_tag?post=10993"}],"curies":[{"name":"wp","href":"https:\/\/api.w.org\/{rel}","templated":true}]}}