{"id":10944,"date":"2025-06-07T18:02:10","date_gmt":"2025-06-07T15:02:10","guid":{"rendered":"https:\/\/www.forlife.com.tr\/?post_type=product&#038;p=10944"},"modified":"2025-06-07T18:03:36","modified_gmt":"2025-06-07T15:03:36","slug":"ar111-armaturler-16","status":"publish","type":"product","link":"https:\/\/www.forlife.com.tr\/en\/product\/ar111-armaturler-16","title":{"rendered":"AR111 Armat\u00fcrler"},"content":{"rendered":"<p>EPISTAR Led<br \/>\nD\u00f6k\u00fcm Kasa<br \/>\nY\u00fcksek CRI de\u011feri<br \/>\nAk\u0131ll\u0131 So\u011futma Sistemi<\/p>","protected":false},"excerpt":{"rendered":"<p>EPISTAR Led<br \/>\nD\u00f6k\u00fcm Kasa<br \/>\nY\u00fcksek CRI de\u011feri<br \/>\nAk\u0131ll\u0131 So\u011futma Sistemi<\/p>","protected":false},"featured_media":10945,"template":"","meta":{"_joinchat":[]},"product_brand":[],"product_cat":[713,718,136],"product_tag":[],"class_list":{"0":"post-10944","1":"product","2":"type-product","3":"status-publish","4":"has-post-thumbnail","6":"product_cat-magaza-vitrin-aydinlatma","7":"product_cat-ar111-armaturler","8":"product_cat-ic-mekan","9":"pa_isik-sicakligi-4000k","10":"pa_isik-sicakligi-6500k-tr","11":"pa_isik-sicakligi-2700k","12":"pa_isik-sicakligi-3200k","13":"pa_lumen-3600-lumen","14":"pa_watt-40-watt","16":"first","17":"instock","18":"shipping-taxable","19":"purchasable","20":"product-type-simple"},"_links":{"self":[{"href":"https:\/\/www.forlife.com.tr\/en\/wp-json\/wp\/v2\/product\/10944","targetHints":{"allow":["GET"]}}],"collection":[{"href":"https:\/\/www.forlife.com.tr\/en\/wp-json\/wp\/v2\/product"}],"about":[{"href":"https:\/\/www.forlife.com.tr\/en\/wp-json\/wp\/v2\/types\/product"}],"wp:featuredmedia":[{"embeddable":true,"href":"https:\/\/www.forlife.com.tr\/en\/wp-json\/wp\/v2\/media\/10945"}],"wp:attachment":[{"href":"https:\/\/www.forlife.com.tr\/en\/wp-json\/wp\/v2\/media?parent=10944"}],"wp:term":[{"taxonomy":"product_brand","embeddable":true,"href":"https:\/\/www.forlife.com.tr\/en\/wp-json\/wp\/v2\/product_brand?post=10944"},{"taxonomy":"product_cat","embeddable":true,"href":"https:\/\/www.forlife.com.tr\/en\/wp-json\/wp\/v2\/product_cat?post=10944"},{"taxonomy":"product_tag","embeddable":true,"href":"https:\/\/www.forlife.com.tr\/en\/wp-json\/wp\/v2\/product_tag?post=10944"}],"curies":[{"name":"wp","href":"https:\/\/api.w.org\/{rel}","templated":true}]}}