{"id":10942,"date":"2025-06-07T17:52:00","date_gmt":"2025-06-07T14:52:00","guid":{"rendered":"https:\/\/www.forlife.com.tr\/?post_type=product&#038;p=10942"},"modified":"2025-06-07T17:54:10","modified_gmt":"2025-06-07T14:54:10","slug":"ar111-armaturler-15","status":"publish","type":"product","link":"https:\/\/www.forlife.com.tr\/en\/product\/ar111-armaturler-15","title":{"rendered":"AR111 Armat\u00fcrler"},"content":{"rendered":"<p>EPISTAR Led<br \/>\nD\u00f6k\u00fcm Kasa<br \/>\nY\u00fcksek CRI de\u011feri<br \/>\nAk\u0131ll\u0131 So\u011futma Sistemi<\/p>","protected":false},"excerpt":{"rendered":"<p>EPISTAR Led<br \/>\nD\u00f6k\u00fcm Kasa<br \/>\nY\u00fcksek CRI de\u011feri<br \/>\nAk\u0131ll\u0131 So\u011futma Sistemi<\/p>","protected":false},"featured_media":10943,"template":"","meta":{"_joinchat":[]},"product_brand":[],"product_cat":[713,718,136],"product_tag":[],"class_list":{"0":"post-10942","1":"product","2":"type-product","3":"status-publish","4":"has-post-thumbnail","6":"product_cat-magaza-vitrin-aydinlatma","7":"product_cat-ar111-armaturler","8":"product_cat-ic-mekan","9":"pa_isik-sicakligi-3200k","10":"pa_isik-sicakligi-4000k","11":"pa_isik-sicakligi-6500k-tr","12":"pa_isik-sicakligi-2700k","13":"pa_lumen-3600-lumen","14":"pa_watt-40-watt","16":"first","17":"instock","18":"shipping-taxable","19":"purchasable","20":"product-type-simple"},"_links":{"self":[{"href":"https:\/\/www.forlife.com.tr\/en\/wp-json\/wp\/v2\/product\/10942","targetHints":{"allow":["GET"]}}],"collection":[{"href":"https:\/\/www.forlife.com.tr\/en\/wp-json\/wp\/v2\/product"}],"about":[{"href":"https:\/\/www.forlife.com.tr\/en\/wp-json\/wp\/v2\/types\/product"}],"wp:featuredmedia":[{"embeddable":true,"href":"https:\/\/www.forlife.com.tr\/en\/wp-json\/wp\/v2\/media\/10943"}],"wp:attachment":[{"href":"https:\/\/www.forlife.com.tr\/en\/wp-json\/wp\/v2\/media?parent=10942"}],"wp:term":[{"taxonomy":"product_brand","embeddable":true,"href":"https:\/\/www.forlife.com.tr\/en\/wp-json\/wp\/v2\/product_brand?post=10942"},{"taxonomy":"product_cat","embeddable":true,"href":"https:\/\/www.forlife.com.tr\/en\/wp-json\/wp\/v2\/product_cat?post=10942"},{"taxonomy":"product_tag","embeddable":true,"href":"https:\/\/www.forlife.com.tr\/en\/wp-json\/wp\/v2\/product_tag?post=10942"}],"curies":[{"name":"wp","href":"https:\/\/api.w.org\/{rel}","templated":true}]}}