{"id":10922,"date":"2025-06-07T16:33:28","date_gmt":"2025-06-07T13:33:28","guid":{"rendered":"https:\/\/www.forlife.com.tr\/?post_type=product&#038;p=10922"},"modified":"2025-06-07T16:34:07","modified_gmt":"2025-06-07T13:34:07","slug":"ar111-armaturler-5","status":"publish","type":"product","link":"https:\/\/www.forlife.com.tr\/en\/product\/ar111-armaturler-5","title":{"rendered":"AR111 Armat\u00fcrler"},"content":{"rendered":"<p>EPISTAR Led<br \/>\nD\u00f6k\u00fcm Kasa<br \/>\nY\u00fcksek CRI de\u011feri<br \/>\nAk\u0131ll\u0131 So\u011futma Sistemi<br \/>\nD\u0131\u015f \u00d6l\u00e7\u00fc : 180&#215;335 mm<br \/>\nKesim \u00d6l\u00e7\u00fcs\u00fc : 165&#215;320 mm<\/p>","protected":false},"excerpt":{"rendered":"<p>EPISTAR Led<br \/>\nD\u00f6k\u00fcm Kasa<br \/>\nY\u00fcksek CRI de\u011feri<br \/>\nAk\u0131ll\u0131 So\u011futma Sistemi<br \/>\nD\u0131\u015f \u00d6l\u00e7\u00fc : 180&#215;335 mm<br \/>\nKesim \u00d6l\u00e7\u00fcs\u00fc : 165&#215;320 mm<\/p>","protected":false},"featured_media":10923,"template":"","meta":{"_joinchat":[]},"product_brand":[],"product_cat":[713,718,136],"product_tag":[],"class_list":{"0":"post-10922","1":"product","2":"type-product","3":"status-publish","4":"has-post-thumbnail","6":"product_cat-magaza-vitrin-aydinlatma","7":"product_cat-ar111-armaturler","8":"product_cat-ic-mekan","10":"first","11":"instock","12":"shipping-taxable","13":"purchasable","14":"product-type-simple"},"_links":{"self":[{"href":"https:\/\/www.forlife.com.tr\/en\/wp-json\/wp\/v2\/product\/10922","targetHints":{"allow":["GET"]}}],"collection":[{"href":"https:\/\/www.forlife.com.tr\/en\/wp-json\/wp\/v2\/product"}],"about":[{"href":"https:\/\/www.forlife.com.tr\/en\/wp-json\/wp\/v2\/types\/product"}],"wp:featuredmedia":[{"embeddable":true,"href":"https:\/\/www.forlife.com.tr\/en\/wp-json\/wp\/v2\/media\/10923"}],"wp:attachment":[{"href":"https:\/\/www.forlife.com.tr\/en\/wp-json\/wp\/v2\/media?parent=10922"}],"wp:term":[{"taxonomy":"product_brand","embeddable":true,"href":"https:\/\/www.forlife.com.tr\/en\/wp-json\/wp\/v2\/product_brand?post=10922"},{"taxonomy":"product_cat","embeddable":true,"href":"https:\/\/www.forlife.com.tr\/en\/wp-json\/wp\/v2\/product_cat?post=10922"},{"taxonomy":"product_tag","embeddable":true,"href":"https:\/\/www.forlife.com.tr\/en\/wp-json\/wp\/v2\/product_tag?post=10922"}],"curies":[{"name":"wp","href":"https:\/\/api.w.org\/{rel}","templated":true}]}}