{"id":10910,"date":"2025-06-07T16:02:13","date_gmt":"2025-06-07T13:02:13","guid":{"rendered":"https:\/\/www.forlife.com.tr\/?post_type=product&#038;p=10910"},"modified":"2025-06-07T16:07:06","modified_gmt":"2025-06-07T13:07:06","slug":"20w-ar111-ampul","status":"publish","type":"product","link":"https:\/\/www.forlife.com.tr\/en\/product\/20w-ar111-ampul","title":{"rendered":"20W AR111 Ampul"},"content":{"rendered":"<p>EPISTAR Led<br \/>\nD\u00f6k\u00fcm Kasa<br \/>\nY\u00fcksek CRI de\u011feri<br \/>\nAk\u0131ll\u0131 So\u011futma Sistemi<br \/>\nD\u0131\u015f \u00d6l\u00e7\u00fc : 110 mm<br \/>\nDerinlik : 55 mm<\/p>","protected":false},"excerpt":{"rendered":"<p>EPISTAR Led<br \/>\nD\u00f6k\u00fcm Kasa<br \/>\nY\u00fcksek CRI de\u011feri<br \/>\nAk\u0131ll\u0131 So\u011futma Sistemi<br \/>\nD\u0131\u015f \u00d6l\u00e7\u00fc : 110 mm<br \/>\nDerinlik : 55 mm<\/p>","protected":false},"featured_media":10911,"template":"","meta":{"_joinchat":[]},"product_brand":[],"product_cat":[713,718,136],"product_tag":[],"class_list":{"0":"post-10910","1":"product","2":"type-product","3":"status-publish","4":"has-post-thumbnail","6":"product_cat-magaza-vitrin-aydinlatma","7":"product_cat-ar111-armaturler","8":"product_cat-ic-mekan","9":"pa_isik-sicakligi-2700k","10":"pa_isik-sicakligi-3200k","11":"pa_isik-sicakligi-4000k","12":"pa_isik-sicakligi-6500k-tr","13":"pa_lumen-1080-lumen","14":"pa_watt-20-watt","16":"first","17":"instock","18":"shipping-taxable","19":"purchasable","20":"product-type-simple"},"_links":{"self":[{"href":"https:\/\/www.forlife.com.tr\/en\/wp-json\/wp\/v2\/product\/10910","targetHints":{"allow":["GET"]}}],"collection":[{"href":"https:\/\/www.forlife.com.tr\/en\/wp-json\/wp\/v2\/product"}],"about":[{"href":"https:\/\/www.forlife.com.tr\/en\/wp-json\/wp\/v2\/types\/product"}],"wp:featuredmedia":[{"embeddable":true,"href":"https:\/\/www.forlife.com.tr\/en\/wp-json\/wp\/v2\/media\/10911"}],"wp:attachment":[{"href":"https:\/\/www.forlife.com.tr\/en\/wp-json\/wp\/v2\/media?parent=10910"}],"wp:term":[{"taxonomy":"product_brand","embeddable":true,"href":"https:\/\/www.forlife.com.tr\/en\/wp-json\/wp\/v2\/product_brand?post=10910"},{"taxonomy":"product_cat","embeddable":true,"href":"https:\/\/www.forlife.com.tr\/en\/wp-json\/wp\/v2\/product_cat?post=10910"},{"taxonomy":"product_tag","embeddable":true,"href":"https:\/\/www.forlife.com.tr\/en\/wp-json\/wp\/v2\/product_tag?post=10910"}],"curies":[{"name":"wp","href":"https:\/\/api.w.org\/{rel}","templated":true}]}}