{"id":10906,"date":"2025-06-07T15:35:46","date_gmt":"2025-06-07T12:35:46","guid":{"rendered":"https:\/\/www.forlife.com.tr\/?post_type=product&#038;p=10906"},"modified":"2025-06-07T15:59:44","modified_gmt":"2025-06-07T12:59:44","slug":"12w-ar111-ampul","status":"publish","type":"product","link":"https:\/\/www.forlife.com.tr\/en\/product\/12w-ar111-ampul","title":{"rendered":"12W AR111 Ampul"},"content":{"rendered":"<p>EPISTAR Led<br \/>\nD\u00f6k\u00fcm Kasa<br \/>\nY\u00fcksek CRI de\u011feri<br \/>\nAk\u0131ll\u0131 So\u011futma Sistemi<br \/>\nD\u0131\u015f \u00d6l\u00e7\u00fc : 110 mm<br \/>\nDerinlik : 50 mm<\/p>","protected":false},"excerpt":{"rendered":"<p>EPISTAR Led<br \/>\nD\u00f6k\u00fcm Kasa<br \/>\nY\u00fcksek CRI de\u011feri<br \/>\nAk\u0131ll\u0131 So\u011futma Sistemi<br \/>\nD\u0131\u015f \u00d6l\u00e7\u00fc : 110 mm<br \/>\nDerinlik : 50 mm<\/p>","protected":false},"featured_media":10907,"template":"","meta":{"_joinchat":[]},"product_brand":[],"product_cat":[713,718,136],"product_tag":[],"class_list":{"0":"post-10906","1":"product","2":"type-product","3":"status-publish","4":"has-post-thumbnail","6":"product_cat-magaza-vitrin-aydinlatma","7":"product_cat-ar111-armaturler","8":"product_cat-ic-mekan","9":"pa_isik-sicakligi-4000k","10":"pa_isik-sicakligi-6500k-tr","11":"pa_isik-sicakligi-3200k","12":"pa_lumen-1080-lumen","13":"pa_watt-12-watt","15":"first","16":"instock","17":"shipping-taxable","18":"purchasable","19":"product-type-simple"},"_links":{"self":[{"href":"https:\/\/www.forlife.com.tr\/en\/wp-json\/wp\/v2\/product\/10906","targetHints":{"allow":["GET"]}}],"collection":[{"href":"https:\/\/www.forlife.com.tr\/en\/wp-json\/wp\/v2\/product"}],"about":[{"href":"https:\/\/www.forlife.com.tr\/en\/wp-json\/wp\/v2\/types\/product"}],"wp:featuredmedia":[{"embeddable":true,"href":"https:\/\/www.forlife.com.tr\/en\/wp-json\/wp\/v2\/media\/10907"}],"wp:attachment":[{"href":"https:\/\/www.forlife.com.tr\/en\/wp-json\/wp\/v2\/media?parent=10906"}],"wp:term":[{"taxonomy":"product_brand","embeddable":true,"href":"https:\/\/www.forlife.com.tr\/en\/wp-json\/wp\/v2\/product_brand?post=10906"},{"taxonomy":"product_cat","embeddable":true,"href":"https:\/\/www.forlife.com.tr\/en\/wp-json\/wp\/v2\/product_cat?post=10906"},{"taxonomy":"product_tag","embeddable":true,"href":"https:\/\/www.forlife.com.tr\/en\/wp-json\/wp\/v2\/product_tag?post=10906"}],"curies":[{"name":"wp","href":"https:\/\/api.w.org\/{rel}","templated":true}]}}