{"id":10904,"date":"2025-06-07T15:33:48","date_gmt":"2025-06-07T12:33:48","guid":{"rendered":"https:\/\/www.forlife.com.tr\/?post_type=product&#038;p=10904"},"modified":"2025-06-07T15:35:02","modified_gmt":"2025-06-07T12:35:02","slug":"salyangoz-armatur-2","status":"publish","type":"product","link":"https:\/\/www.forlife.com.tr\/en\/product\/salyangoz-armatur-2","title":{"rendered":"Salyangoz Armat\u00fcr"},"content":{"rendered":"<p>OSRAM \/ LEDVANCE Led<br \/>\nENEC Driver<br \/>\nAl\u00fcminyum Enjeksiyon G\u00f6vde<br \/>\nAk\u0131ll\u0131 So\u011futma Sistemi<br \/>\nY\u00fcksek CRI De\u011feri<br \/>\nPratik Hareket Kabiliyeti<br \/>\nKasa A\u011f\u0131rl\u0131\u011f\u0131 : 750 g<br \/>\n\u0130stenilen kasa renginde \u00fcretim yap\u0131lmaktad\u0131r. Fiyat ve termin bilgisi almak i\u00e7in ileti\u015fime ge\u00e7iniz.<\/p>","protected":false},"excerpt":{"rendered":"<p>OSRAM \/ LEDVANCE Led<br \/>\nENEC Driver<br \/>\nAl\u00fcminyum Enjeksiyon G\u00f6vde<br \/>\nAk\u0131ll\u0131 So\u011futma Sistemi<br \/>\nY\u00fcksek CRI De\u011feri<br \/>\nPratik Hareket Kabiliyeti<br \/>\nKasa A\u011f\u0131rl\u0131\u011f\u0131 : 750 g<br \/>\n\u0130stenilen kasa renginde \u00fcretim yap\u0131lmaktad\u0131r. Fiyat ve termin bilgisi almak i\u00e7in ileti\u015fime ge\u00e7iniz.<\/p>","protected":false},"featured_media":10905,"template":"","meta":{"_joinchat":[]},"product_brand":[],"product_cat":[714,713,136],"product_tag":[],"class_list":{"0":"post-10904","1":"product","2":"type-product","3":"status-publish","4":"has-post-thumbnail","6":"product_cat-salyangoz-armaturler","7":"product_cat-magaza-vitrin-aydinlatma","8":"product_cat-ic-mekan","9":"pa_isik-sicakligi-3200k","10":"pa_isik-sicakligi-4000k","11":"pa_isik-sicakligi-6500k-tr","12":"pa_lumen-440-lumen","13":"pa_volt-220-volt","14":"pa_watt-40-watt","16":"first","17":"instock","18":"shipping-taxable","19":"purchasable","20":"product-type-simple"},"_links":{"self":[{"href":"https:\/\/www.forlife.com.tr\/en\/wp-json\/wp\/v2\/product\/10904","targetHints":{"allow":["GET"]}}],"collection":[{"href":"https:\/\/www.forlife.com.tr\/en\/wp-json\/wp\/v2\/product"}],"about":[{"href":"https:\/\/www.forlife.com.tr\/en\/wp-json\/wp\/v2\/types\/product"}],"wp:featuredmedia":[{"embeddable":true,"href":"https:\/\/www.forlife.com.tr\/en\/wp-json\/wp\/v2\/media\/10905"}],"wp:attachment":[{"href":"https:\/\/www.forlife.com.tr\/en\/wp-json\/wp\/v2\/media?parent=10904"}],"wp:term":[{"taxonomy":"product_brand","embeddable":true,"href":"https:\/\/www.forlife.com.tr\/en\/wp-json\/wp\/v2\/product_brand?post=10904"},{"taxonomy":"product_cat","embeddable":true,"href":"https:\/\/www.forlife.com.tr\/en\/wp-json\/wp\/v2\/product_cat?post=10904"},{"taxonomy":"product_tag","embeddable":true,"href":"https:\/\/www.forlife.com.tr\/en\/wp-json\/wp\/v2\/product_tag?post=10904"}],"curies":[{"name":"wp","href":"https:\/\/api.w.org\/{rel}","templated":true}]}}